{"id":119,"date":"2024-04-30T10:02:58","date_gmt":"2024-04-30T10:02:58","guid":{"rendered":"https:\/\/lzo-regionalstiftung.com\/?page_id=119"},"modified":"2024-04-30T12:03:27","modified_gmt":"2024-04-30T12:03:27","slug":"antragstellung","status":"publish","type":"page","link":"https:\/\/lzo-regionalstiftung.com\/?page_id=119","title":{"rendered":"Antragstellung"},"content":{"rendered":"\n<div class=\"wp-block-columns is-layout-flex wp-container-core-columns-is-layout-28f84493 wp-block-columns-is-layout-flex\">\n<div class=\"wp-block-column is-layout-flow wp-block-column-is-layout-flow\" style=\"flex-basis:25%\">\n<div class=\"wp-block-group noUnderline has-global-padding is-layout-constrained wp-block-group-is-layout-constrained\">\n<div class=\"wp-block-group has-text-color has-background has-link-color has-small-font-size wp-elements-0cc22b5206708b8d436410b356f05072 has-global-padding is-layout-constrained wp-container-core-group-is-layout-86dba5ee wp-block-group-is-layout-constrained\" style=\"border-radius:10px;color:#535353;background-color:#eaeef0;padding-top:var(--wp--preset--spacing--10);padding-right:var(--wp--preset--spacing--10);padding-bottom:var(--wp--preset--spacing--10);padding-left:var(--wp--preset--spacing--10)\">\n<p class=\"zielWege has-medium-font-size\"><a href=\"https:\/\/lzo-regionalstiftung.com\/?page_id=178\">Ein Ziel &#8211; vier Wege<\/a><\/p>\n\n\n\n<p class=\"sinnZweck has-medium-font-size\"><a href=\"https:\/\/lzo-regionalstiftung.com\/?page_id=181\">Sinn und Zweck<\/a><\/p>\n\n\n\n<p class=\"ideeWirklichkeit has-medium-font-size\"><a href=\"https:\/\/lzo-regionalstiftung.com\/?page_id=183\">Idee wird Wirklichkeit<\/a><\/p>\n\n\n\n<p class=\"stiftenSteuern has-medium-font-size\"><a href=\"https:\/\/lzo-regionalstiftung.com\/?page_id=185\">Stiften und Steuern<\/a><\/p>\n<\/div>\n\n\n\n<div class=\"wp-block-group has-text-color has-background has-link-color has-small-font-size wp-elements-7bf590fb5114e022034e2cd93dcde214 has-global-padding is-layout-constrained wp-container-core-group-is-layout-86dba5ee wp-block-group-is-layout-constrained\" style=\"border-radius:10px;color:#535353;background-color:#eaeef0;padding-top:var(--wp--preset--spacing--10);padding-right:var(--wp--preset--spacing--10);padding-bottom:var(--wp--preset--spacing--10);padding-left:var(--wp--preset--spacing--10)\">\n<p class=\"has-medium-font-size\"><strong>pdf-Download<\/strong><\/p>\n\n\n\n<p class=\"has-medium-font-size\"><a href=\"\/wp-content\/uploads\/2024\/06\/Satzung-Regionale-Stiftung-der-LzO-2024.pdf\" target=\"_blank\" rel=\"noreferrer noopener\">Satzung<\/a><\/p>\n\n\n\n<p class=\"has-medium-font-size\"><a href=\"https:\/\/lzo-regionalstiftung.com\/wp-content\/uploads\/2025\/07\/Foerderrichtlinien25.pdf\" target=\"_blank\" rel=\"noreferrer noopener\">F\u00f6rderrichtlinie<\/a><\/p>\n\n\n\n<p class=\"has-medium-font-size\"><a href=\"\/wp-content\/uploads\/2024\/04\/foerderantrag.pdf\" target=\"_blank\" rel=\"noreferrer noopener\">F\u00f6rderantrag<\/a><\/p>\n\n\n\n<p class=\"has-medium-font-size\"><a href=\"\/wp-content\/uploads\/2024\/04\/finanzierungsplan.pdf\" target=\"_blank\" rel=\"noreferrer noopener\">Finanzierungsplan<\/a><\/p>\n\n\n\n<p class=\"has-medium-font-size\"><a href=\"\/wp-content\/uploads\/2024\/04\/Grundsaetze-guter-Stiftungspraxis_2019.pdf\" target=\"_blank\" rel=\"noreferrer noopener\">Grunds\u00e4tze Guter Stiftungspraxis<\/a><\/p>\n\n\n\n<p class=\"has-medium-font-size\"><a href=\"\/wp-content\/uploads\/2024\/04\/Grundsaetze-guter-Stiftungspraxis-Aenderungen_2019.pdf\" target=\"_blank\" rel=\"noreferrer noopener\">Erg\u00e4nzte Passagen<\/a><\/p>\n<\/div>\n<\/div>\n<\/div>\n\n\n\n<div class=\"wp-block-column is-layout-flow wp-block-column-is-layout-flow\" style=\"flex-basis:75%\">\n<h1 class=\"wp-block-heading\">WIE ERFOLGT DIE VERGABE VON STIFTUNGSMITTELN?<\/h1>\n\n\n\n<p>Die Stifter regeln im Rahmen ihres Stiftungsfonds oder ihrer Treuhandstiftung, welche Einrichtung in welcher Form beg\u00fcnstigt werden soll. Kein anderer! \u00dcber die Mittelvergabe der \u00fcbrigen Stiftungsertr\u00e4ge entscheiden die zust\u00e4ndigen Stiftungsgremien. Dabei werden sie von einem wesentlichen Grundsatz geleitet: sowohl regional als auch thematisch ausgewogen zu agieren.<br><br><\/p>\n\n\n\n<h3 class=\"wp-block-heading\">SIE K\u00d6NNTEN UNTERST\u00dcTZUNG GEBRAUCHEN?<\/h3>\n\n\n\n<p>Sie m\u00f6chten ein Projekt im Gesch\u00e4ftsgebiet der LzO verwirklichen, das Fantasie, Ideenreichtum und Engagement erkennen l\u00e4sst? Ein Projekt, das Modell- und Vorbildfunktion hat und damit richtungsweisend ist? Ihre Ma\u00dfnahmen regen zur gesellschaftlichen Mitverantwortung sowie zu sozialem Engagement an? Die Kulturwerte des Oldenburger Landes werden hierdurch gest\u00e4rkt? Dann haben Sie gute Chancen, durch unsere Regionale Stiftung der LzO gef\u00f6rdert zu werden.&nbsp;<br>Dabei setzen wir selbstverst\u00e4ndlich voraus, dass Sie, als Projekttr\u00e4ger, angemessene Eigenmittel mit einbringen.<\/p>\n\n\n\n<h3 class=\"wp-block-heading\">Dar\u00fcber hinaus ist eine F\u00f6rderung durch die Stiftung unter anderem an diese Kriterien gebunden:<\/h3>\n\n\n\n<ul class=\"wp-block-list\">\n<li>Das zu f\u00f6rdernde Projekt sollte einen regionalen Einmaligkeitscharakter sowie eine hohe regionale Bedeutung aufweisen und eine nachhaltige Au\u00dfenwirkung beinhalten.<\/li>\n\n\n\n<li>Das Vorhaben muss einer definierten Zielgruppe beziehungsweise Einrichtung oder einer breiten Bev\u00f6lkerungsschicht zugute kommen.<\/li>\n\n\n\n<li>Die F\u00f6rderungen erfolgen ausschlie\u00dflich durch finanzielle Unterst\u00fctzung.&nbsp;<\/li>\n\n\n\n<li>Die Zuwendungen m\u00fcssen einmalig und projektbezogen sein.<\/li>\n<\/ul>\n\n\n\n<div class=\"wp-block-group has-accent-5-background-color has-background has-global-padding is-layout-constrained wp-container-core-group-is-layout-86dba5ee wp-block-group-is-layout-constrained\" style=\"border-radius:10px;padding-top:var(--wp--preset--spacing--10);padding-right:var(--wp--preset--spacing--10);padding-bottom:var(--wp--preset--spacing--10);padding-left:var(--wp--preset--spacing--10)\">\n<h3 class=\"wp-block-heading\">Von einer F\u00f6rderung sind grunds\u00e4tzlich ausgeschlossen:<\/h3>\n\n\n\n<ul class=\"wp-block-list\">\n<li>Vorhaben, die nicht den Stiftungszwecken gem\u00e4\u00df Stiftungssatzung entsprechen&nbsp;<\/li>\n\n\n\n<li>politische Gruppen&nbsp;<\/li>\n\n\n\n<li>Einzelpersonen&nbsp;<\/li>\n\n\n\n<li>Ma\u00dfnahmen, zu deren Durchf\u00fchrung eine Rechtspflicht f\u00fcr den Antragsteller besteht&nbsp;<\/li>\n\n\n\n<li>Zusch\u00fcsse zu laufenden, regelm\u00e4\u00dfigen Verwaltungs- und Personalkosten sowie Kursgeb\u00fchren und Reisekosten&nbsp;<\/li>\n\n\n\n<li>Pflichtaufgaben juristischer Personen des \u00f6ffentlichen Rechtes und deren Einrichtungen&nbsp;<\/li>\n\n\n\n<li>Vorhaben, die gegen gesetzliche Verbote oder die guten Sitten versto\u00dfen&nbsp;<\/li>\n\n\n\n<li>Druckkostenzusch\u00fcsse f\u00fcr Orts-, Vereins- und Heimatchroniken sowie Festschriften<\/li>\n\n\n\n<li>Kunst-\/Kulturtage- und Festveranstaltungen sowie Tagungen, Symposien und \u00e4hnliche Veranstaltungsformate&nbsp;<\/li>\n\n\n\n<li>Bauvorhaben (Ausnahme: denkmalpflegerische Ma\u00dfnahmen sowie Ausstattung)&nbsp;<\/li>\n\n\n\n<li>Ma\u00dfnahmen, die bereits vor Antragstellung begonnen wurden<\/li>\n<\/ul>\n<\/div>\n\n\n\n<h3 class=\"wp-block-heading\">Welche Unterlagen ben\u00f6tigt die Stiftung?<\/h3>\n\n\n\n<p>Alle Institutionen und Vereine im Gesch\u00e4ftsgebiet der LzO, deren Wirken auf Gemeinn\u00fctzigkeit ausgerichtet ist, k\u00f6nnen einen Antrag auf finanzielle F\u00f6rderung stellen. Das erforderliche Antragsformular samt Finanzierungsplan finden Sie hier.<\/p>\n\n\n\n<p>Um Ihr Vorhaben richtig einsch\u00e4tzen und in Ihrem Sinne eine z\u00fcgige Entscheidung treffen zu k\u00f6nnen, bitten wir Sie, folgende Unterlagen schriftlich an die Gesch\u00e4ftsf\u00fchrung der Stiftung einzureichen:<\/p>\n\n\n\n<ul class=\"wp-block-list\">\n<li><a href=\"\/wp-content\/uploads\/2024\/04\/foerderantrag.pdf\" target=\"_blank\" rel=\"noreferrer noopener\">F\u00f6rderantrag\u00a0<\/a><\/li>\n\n\n\n<li><a href=\"\/wp-content\/uploads\/2024\/04\/finanzierungsplan.pdf\" target=\"_blank\" rel=\"noreferrer noopener\">Finanzierungsplan<\/a><\/li>\n\n\n\n<li>Projektbeschreibung&nbsp;<\/li>\n\n\n\n<li>Freistellungsbescheid&nbsp;<\/li>\n\n\n\n<li>Erkl\u00e4rung, dass mit der Ma\u00dfnahme noch nicht begonnen wurde<\/li>\n<\/ul>\n\n\n\n<h3 class=\"wp-block-heading\">Diese Informationen sind unter anderem wichtig:<\/h3>\n\n\n\n<p><strong>1. Kontaktdaten des Antragstellers&nbsp;<\/strong><br><strong>2. N\u00e4here Erl\u00e4uterungen zum Projekt:<\/strong><\/p>\n\n\n\n<ul class=\"wp-block-list\">\n<li>Rahmenbedingungen&nbsp;<\/li>\n\n\n\n<li>Zielsetzung&nbsp;<\/li>\n\n\n\n<li>Nutzerkreis&nbsp;<\/li>\n\n\n\n<li>Art und Umfang der Durchf\u00fchrung&nbsp;<\/li>\n\n\n\n<li>Beginn, Ablauf und Dauer<\/li>\n<\/ul>\n\n\n\n<p><strong>3. Kosten\/Finanzierung<\/strong><br>Wie setzen sich die Kosten nachweislich zusammen? In welchem Umfang erfolgt eine Eigenbeteiligung? Werden noch andere potentielle F\u00f6rderer angesprochen? Wie ist deren Zusagestand?&nbsp;<br><strong>Gern k\u00f6nnen Sie mit der Gesch\u00e4ftsf\u00fchrung auch vor Einreichung eines schriftlichen Antrags Ihr Anliegen er\u00f6rtern.<\/strong><\/p>\n\n\n\n<h3 class=\"wp-block-heading\">Wie geht es dann weiter?<\/h3>\n\n\n\n<p>\u00dcber die Entscheidung der zust\u00e4ndigen Gremien erhalten Sie zeitnah eine Benachrichtigung. Sollten zwischenzeitlich noch Punkte zu kl\u00e4ren sein, setzt sich die Gesch\u00e4ftsf\u00fchrung vorab mit Ihnen in Verbindung.<\/p>\n\n\n\n<h3 class=\"wp-block-heading\">Im Falle einer F\u00f6rderzusage w\u00fcnschen wir uns:<\/h3>\n\n\n\n<ul class=\"wp-block-list\">\n<li>Abstimmung gemeinsamer \u00f6ffentlichkeitswirksamer Ma\u00dfnahmen&nbsp;<\/li>\n\n\n\n<li>Einhaltung des eingereichten Kosten- und Finanzierungsplans&nbsp;<\/li>\n\n\n\n<li>umgehende Mitteilung bei \u00c4nderungen am Projektinhalt sowie der Kosten und Finanzierung&nbsp;<\/li>\n\n\n\n<li>Mittelabruf gem\u00e4\u00df unserer F\u00f6rderzusage<\/li>\n\n\n\n<li>fr\u00fchzeitige Mitteilung im Falle, dass sich die Projektrealisierung verschiebt und die Mittel erst zu einem sp\u00e4teren Zeitpunkt ben\u00f6tigt werden&nbsp;<\/li>\n\n\n\n<li>Einreichung eines Projektberichts nach Abschluss (z.B. Presseberichte, Bildmaterial)<\/li>\n<\/ul>\n\n\n\n<p><br>Wir freuen uns darauf, mit Ihnen vor Ort viel Gutes zu bewegen.<\/p>\n\n\n\n<div style=\"height:100px\" aria-hidden=\"true\" class=\"wp-block-spacer\"><\/div>\n<\/div>\n<\/div>\n","protected":false},"excerpt":{"rendered":"<p>WIE ERFOLGT DIE VERGABE VON STIFTUNGSMITTELN? Die Stifter regeln im Rahmen ihres Stiftungsfonds oder ihrer Treuhandstiftung, welche Einrichtung in welcher Form beg\u00fcnstigt werden soll. Kein anderer! \u00dcber die Mittelvergabe der \u00fcbrigen Stiftungsertr\u00e4ge entscheiden die zust\u00e4ndigen Stiftungsgremien. Dabei werden sie von einem wesentlichen Grundsatz geleitet: sowohl regional als auch thematisch ausgewogen zu agieren. SIE K\u00d6NNTEN UNTERST\u00dcTZUNG [&hellip;]<\/p>\n","protected":false},"author":1,"featured_media":0,"parent":0,"menu_order":0,"comment_status":"closed","ping_status":"closed","template":"","meta":{"footnotes":""},"class_list":["post-119","page","type-page","status-publish","hentry"],"yoast_head":"<!-- This site is optimized with the Yoast SEO plugin v27.5 - https:\/\/yoast.com\/product\/yoast-seo-wordpress\/ -->\n<title>Antragstellung - Regionale Stiftung der Landessparkasse zu Oldenburg<\/title>\n<meta name=\"robots\" content=\"index, follow, max-snippet:-1, max-image-preview:large, max-video-preview:-1\" \/>\n<link rel=\"canonical\" href=\"https:\/\/lzo-regionalstiftung.com\/?page_id=119\" \/>\n<meta property=\"og:locale\" content=\"de_DE\" \/>\n<meta property=\"og:type\" content=\"article\" \/>\n<meta property=\"og:title\" content=\"Antragstellung - Regionale Stiftung der Landessparkasse zu Oldenburg\" \/>\n<meta property=\"og:description\" content=\"WIE ERFOLGT DIE VERGABE VON STIFTUNGSMITTELN? Die Stifter regeln im Rahmen ihres Stiftungsfonds oder ihrer Treuhandstiftung, welche Einrichtung in welcher Form beg\u00fcnstigt werden soll. Kein anderer! \u00dcber die Mittelvergabe der \u00fcbrigen Stiftungsertr\u00e4ge entscheiden die zust\u00e4ndigen Stiftungsgremien. Dabei werden sie von einem wesentlichen Grundsatz geleitet: sowohl regional als auch thematisch ausgewogen zu agieren. SIE K\u00d6NNTEN UNTERST\u00dcTZUNG [&hellip;]\" \/>\n<meta property=\"og:url\" content=\"https:\/\/lzo-regionalstiftung.com\/?page_id=119\" \/>\n<meta property=\"og:site_name\" content=\"Regionale Stiftung der Landessparkasse zu Oldenburg\" \/>\n<meta property=\"article:modified_time\" content=\"2024-04-30T12:03:27+00:00\" \/>\n<meta name=\"twitter:card\" content=\"summary_large_image\" \/>\n<meta name=\"twitter:label1\" content=\"Gesch\u00e4tzte Lesezeit\" \/>\n\t<meta name=\"twitter:data1\" content=\"6\u00a0Minuten\" \/>\n<script type=\"application\/ld+json\" class=\"yoast-schema-graph\">{\"@context\":\"https:\\\/\\\/schema.org\",\"@graph\":[{\"@type\":\"WebPage\",\"@id\":\"https:\\\/\\\/lzo-regionalstiftung.com\\\/?page_id=119\",\"url\":\"https:\\\/\\\/lzo-regionalstiftung.com\\\/?page_id=119\",\"name\":\"Antragstellung - Regionale Stiftung der Landessparkasse zu Oldenburg\",\"isPartOf\":{\"@id\":\"https:\\\/\\\/lzo-regionalstiftung.com\\\/#website\"},\"datePublished\":\"2024-04-30T10:02:58+00:00\",\"dateModified\":\"2024-04-30T12:03:27+00:00\",\"breadcrumb\":{\"@id\":\"https:\\\/\\\/lzo-regionalstiftung.com\\\/?page_id=119#breadcrumb\"},\"inLanguage\":\"de\",\"potentialAction\":[{\"@type\":\"ReadAction\",\"target\":[\"https:\\\/\\\/lzo-regionalstiftung.com\\\/?page_id=119\"]}]},{\"@type\":\"BreadcrumbList\",\"@id\":\"https:\\\/\\\/lzo-regionalstiftung.com\\\/?page_id=119#breadcrumb\",\"itemListElement\":[{\"@type\":\"ListItem\",\"position\":1,\"name\":\"Startseite\",\"item\":\"https:\\\/\\\/lzo-regionalstiftung.com\\\/\"},{\"@type\":\"ListItem\",\"position\":2,\"name\":\"Antragstellung\"}]},{\"@type\":\"WebSite\",\"@id\":\"https:\\\/\\\/lzo-regionalstiftung.com\\\/#website\",\"url\":\"https:\\\/\\\/lzo-regionalstiftung.com\\\/\",\"name\":\"Regionale Stiftung der Landessparkasse zu Oldenburg\",\"description\":\"\",\"publisher\":{\"@id\":\"https:\\\/\\\/lzo-regionalstiftung.com\\\/#organization\"},\"potentialAction\":[{\"@type\":\"SearchAction\",\"target\":{\"@type\":\"EntryPoint\",\"urlTemplate\":\"https:\\\/\\\/lzo-regionalstiftung.com\\\/?s={search_term_string}\"},\"query-input\":{\"@type\":\"PropertyValueSpecification\",\"valueRequired\":true,\"valueName\":\"search_term_string\"}}],\"inLanguage\":\"de\"},{\"@type\":\"Organization\",\"@id\":\"https:\\\/\\\/lzo-regionalstiftung.com\\\/#organization\",\"name\":\"Regionale Stiftung der Landessparkasse zu Oldenburg\",\"url\":\"https:\\\/\\\/lzo-regionalstiftung.com\\\/\",\"logo\":{\"@type\":\"ImageObject\",\"inLanguage\":\"de\",\"@id\":\"https:\\\/\\\/lzo-regionalstiftung.com\\\/#\\\/schema\\\/logo\\\/image\\\/\",\"url\":\"https:\\\/\\\/lzo-regionalstiftung.com\\\/wp-content\\\/uploads\\\/2024\\\/04\\\/logo.gif\",\"contentUrl\":\"https:\\\/\\\/lzo-regionalstiftung.com\\\/wp-content\\\/uploads\\\/2024\\\/04\\\/logo.gif\",\"width\":210,\"height\":111,\"caption\":\"Regionale Stiftung der Landessparkasse zu Oldenburg\"},\"image\":{\"@id\":\"https:\\\/\\\/lzo-regionalstiftung.com\\\/#\\\/schema\\\/logo\\\/image\\\/\"}}]}<\/script>\n<!-- \/ Yoast SEO plugin. -->","yoast_head_json":{"title":"Antragstellung - Regionale Stiftung der Landessparkasse zu Oldenburg","robots":{"index":"index","follow":"follow","max-snippet":"max-snippet:-1","max-image-preview":"max-image-preview:large","max-video-preview":"max-video-preview:-1"},"canonical":"https:\/\/lzo-regionalstiftung.com\/?page_id=119","og_locale":"de_DE","og_type":"article","og_title":"Antragstellung - Regionale Stiftung der Landessparkasse zu Oldenburg","og_description":"WIE ERFOLGT DIE VERGABE VON STIFTUNGSMITTELN? Die Stifter regeln im Rahmen ihres Stiftungsfonds oder ihrer Treuhandstiftung, welche Einrichtung in welcher Form beg\u00fcnstigt werden soll. Kein anderer! \u00dcber die Mittelvergabe der \u00fcbrigen Stiftungsertr\u00e4ge entscheiden die zust\u00e4ndigen Stiftungsgremien. Dabei werden sie von einem wesentlichen Grundsatz geleitet: sowohl regional als auch thematisch ausgewogen zu agieren. SIE K\u00d6NNTEN UNTERST\u00dcTZUNG [&hellip;]","og_url":"https:\/\/lzo-regionalstiftung.com\/?page_id=119","og_site_name":"Regionale Stiftung der Landessparkasse zu Oldenburg","article_modified_time":"2024-04-30T12:03:27+00:00","twitter_card":"summary_large_image","twitter_misc":{"Gesch\u00e4tzte Lesezeit":"6\u00a0Minuten"},"schema":{"@context":"https:\/\/schema.org","@graph":[{"@type":"WebPage","@id":"https:\/\/lzo-regionalstiftung.com\/?page_id=119","url":"https:\/\/lzo-regionalstiftung.com\/?page_id=119","name":"Antragstellung - Regionale Stiftung der Landessparkasse zu Oldenburg","isPartOf":{"@id":"https:\/\/lzo-regionalstiftung.com\/#website"},"datePublished":"2024-04-30T10:02:58+00:00","dateModified":"2024-04-30T12:03:27+00:00","breadcrumb":{"@id":"https:\/\/lzo-regionalstiftung.com\/?page_id=119#breadcrumb"},"inLanguage":"de","potentialAction":[{"@type":"ReadAction","target":["https:\/\/lzo-regionalstiftung.com\/?page_id=119"]}]},{"@type":"BreadcrumbList","@id":"https:\/\/lzo-regionalstiftung.com\/?page_id=119#breadcrumb","itemListElement":[{"@type":"ListItem","position":1,"name":"Startseite","item":"https:\/\/lzo-regionalstiftung.com\/"},{"@type":"ListItem","position":2,"name":"Antragstellung"}]},{"@type":"WebSite","@id":"https:\/\/lzo-regionalstiftung.com\/#website","url":"https:\/\/lzo-regionalstiftung.com\/","name":"Regionale Stiftung der Landessparkasse zu Oldenburg","description":"","publisher":{"@id":"https:\/\/lzo-regionalstiftung.com\/#organization"},"potentialAction":[{"@type":"SearchAction","target":{"@type":"EntryPoint","urlTemplate":"https:\/\/lzo-regionalstiftung.com\/?s={search_term_string}"},"query-input":{"@type":"PropertyValueSpecification","valueRequired":true,"valueName":"search_term_string"}}],"inLanguage":"de"},{"@type":"Organization","@id":"https:\/\/lzo-regionalstiftung.com\/#organization","name":"Regionale Stiftung der Landessparkasse zu Oldenburg","url":"https:\/\/lzo-regionalstiftung.com\/","logo":{"@type":"ImageObject","inLanguage":"de","@id":"https:\/\/lzo-regionalstiftung.com\/#\/schema\/logo\/image\/","url":"https:\/\/lzo-regionalstiftung.com\/wp-content\/uploads\/2024\/04\/logo.gif","contentUrl":"https:\/\/lzo-regionalstiftung.com\/wp-content\/uploads\/2024\/04\/logo.gif","width":210,"height":111,"caption":"Regionale Stiftung der Landessparkasse zu Oldenburg"},"image":{"@id":"https:\/\/lzo-regionalstiftung.com\/#\/schema\/logo\/image\/"}}]}},"_links":{"self":[{"href":"https:\/\/lzo-regionalstiftung.com\/index.php?rest_route=\/wp\/v2\/pages\/119","targetHints":{"allow":["GET"]}}],"collection":[{"href":"https:\/\/lzo-regionalstiftung.com\/index.php?rest_route=\/wp\/v2\/pages"}],"about":[{"href":"https:\/\/lzo-regionalstiftung.com\/index.php?rest_route=\/wp\/v2\/types\/page"}],"author":[{"embeddable":true,"href":"https:\/\/lzo-regionalstiftung.com\/index.php?rest_route=\/wp\/v2\/users\/1"}],"replies":[{"embeddable":true,"href":"https:\/\/lzo-regionalstiftung.com\/index.php?rest_route=%2Fwp%2Fv2%2Fcomments&post=119"}],"version-history":[{"count":5,"href":"https:\/\/lzo-regionalstiftung.com\/index.php?rest_route=\/wp\/v2\/pages\/119\/revisions"}],"predecessor-version":[{"id":155,"href":"https:\/\/lzo-regionalstiftung.com\/index.php?rest_route=\/wp\/v2\/pages\/119\/revisions\/155"}],"wp:attachment":[{"href":"https:\/\/lzo-regionalstiftung.com\/index.php?rest_route=%2Fwp%2Fv2%2Fmedia&parent=119"}],"curies":[{"name":"wp","href":"https:\/\/api.w.org\/{rel}","templated":true}]}}