{"id":130,"date":"2024-04-30T10:09:41","date_gmt":"2024-04-30T10:09:41","guid":{"rendered":"https:\/\/lzo-regionalstiftung.com\/?page_id=130"},"modified":"2024-05-03T09:15:20","modified_gmt":"2024-05-03T09:15:20","slug":"kontakt","status":"publish","type":"page","link":"https:\/\/lzo-regionalstiftung.com\/?page_id=130","title":{"rendered":"Kontakt"},"content":{"rendered":"\n<div class=\"wp-block-columns is-layout-flex wp-container-core-columns-is-layout-28f84493 wp-block-columns-is-layout-flex\">\n<div class=\"wp-block-column is-layout-flow wp-block-column-is-layout-flow\" style=\"flex-basis:25%\">\n<div class=\"wp-block-group noUnderline has-global-padding is-layout-constrained wp-block-group-is-layout-constrained\">\n<div class=\"wp-block-group has-text-color has-background has-link-color has-small-font-size wp-elements-0cc22b5206708b8d436410b356f05072 has-global-padding is-layout-constrained wp-container-core-group-is-layout-86dba5ee wp-block-group-is-layout-constrained\" style=\"border-radius:10px;color:#535353;background-color:#eaeef0;padding-top:var(--wp--preset--spacing--10);padding-right:var(--wp--preset--spacing--10);padding-bottom:var(--wp--preset--spacing--10);padding-left:var(--wp--preset--spacing--10)\">\n<p class=\"zielWege has-medium-font-size\"><a href=\"https:\/\/lzo-regionalstiftung.com\/?page_id=178\">Ein Ziel &#8211; vier Wege<\/a><\/p>\n\n\n\n<p class=\"sinnZweck has-medium-font-size\"><a href=\"https:\/\/lzo-regionalstiftung.com\/?page_id=181\">Sinn und Zweck<\/a><\/p>\n\n\n\n<p class=\"ideeWirklichkeit has-medium-font-size\"><a href=\"https:\/\/lzo-regionalstiftung.com\/?page_id=183\">Idee wird Wirklichkeit<\/a><\/p>\n\n\n\n<p class=\"stiftenSteuern has-medium-font-size\"><a href=\"https:\/\/lzo-regionalstiftung.com\/?page_id=185\">Stiften und Steuern<\/a><\/p>\n<\/div>\n\n\n\n<div class=\"wp-block-group has-text-color has-background has-link-color has-small-font-size wp-elements-7bf590fb5114e022034e2cd93dcde214 has-global-padding is-layout-constrained wp-container-core-group-is-layout-86dba5ee wp-block-group-is-layout-constrained\" style=\"border-radius:10px;color:#535353;background-color:#eaeef0;padding-top:var(--wp--preset--spacing--10);padding-right:var(--wp--preset--spacing--10);padding-bottom:var(--wp--preset--spacing--10);padding-left:var(--wp--preset--spacing--10)\">\n<p class=\"has-medium-font-size\"><strong>pdf-Download<\/strong><\/p>\n\n\n\n<p class=\"has-medium-font-size\"><a href=\"\/wp-content\/uploads\/2024\/06\/Satzung-Regionale-Stiftung-der-LzO-2024.pdf\" target=\"_blank\" rel=\"noreferrer noopener\">Satzung<\/a><\/p>\n\n\n\n<p class=\"has-medium-font-size\"><a href=\"https:\/\/lzo-regionalstiftung.com\/wp-content\/uploads\/2025\/07\/Foerderrichtlinien25.pdf\" target=\"_blank\" rel=\"noreferrer noopener\">F\u00f6rderrichtlinie<\/a><\/p>\n\n\n\n<p class=\"has-medium-font-size\"><a href=\"\/wp-content\/uploads\/2024\/04\/foerderantrag.pdf\" target=\"_blank\" rel=\"noreferrer noopener\">F\u00f6rderantrag<\/a><\/p>\n\n\n\n<p class=\"has-medium-font-size\"><a href=\"\/wp-content\/uploads\/2024\/04\/finanzierungsplan.pdf\" target=\"_blank\" rel=\"noreferrer noopener\">Finanzierungsplan<\/a><\/p>\n\n\n\n<p class=\"has-medium-font-size\"><a href=\"\/wp-content\/uploads\/2024\/04\/Grundsaetze-guter-Stiftungspraxis_2019.pdf\" target=\"_blank\" rel=\"noreferrer noopener\">Grunds\u00e4tze Guter Stiftungspraxis<\/a><\/p>\n\n\n\n<p class=\"has-medium-font-size\"><a href=\"\/wp-content\/uploads\/2024\/04\/Grundsaetze-guter-Stiftungspraxis-Aenderungen_2019.pdf\" target=\"_blank\" rel=\"noreferrer noopener\">Erg\u00e4nzte Passagen<\/a><\/p>\n<\/div>\n<\/div>\n<\/div>\n\n\n\n<div class=\"wp-block-column is-layout-flow wp-block-column-is-layout-flow\" style=\"flex-basis:75%\">\n<h1 class=\"wp-block-heading\">GEMEINSAM \u201eGUTES AUF DEN WEG BRINGEN\u201c!<\/h1>\n\n\n\n<h2 class=\"wp-block-heading\"><strong>Es ber\u00e4t und unterst\u00fctzt Sie gerne bei Ihrem pers\u00f6nlichen Stiftungsvorhaben:<\/strong><\/h2>\n\n\n\n<div class=\"wp-block-group has-accent-5-background-color has-background has-global-padding is-layout-constrained wp-container-core-group-is-layout-86dba5ee wp-block-group-is-layout-constrained\" style=\"border-radius:10px;padding-top:var(--wp--preset--spacing--10);padding-right:var(--wp--preset--spacing--10);padding-bottom:var(--wp--preset--spacing--10);padding-left:var(--wp--preset--spacing--10)\">\n<p><strong>Oliver Nienaber<\/strong><br>Gesch\u00e4ftsf\u00fchrer der Regionalen Stiftung der Landessparkasse zu Oldenburg<br>Telefon: 0441\/230-3120<br>Telefax: 0441\/230-83120&nbsp;<br>E-Mail:&nbsp;<a href=\"mailto:oliver.nienaber@lzo.com%20\">oliver.nienaber@lzo.com<\/a><\/p>\n\n\n\n<p><strong>Olaf Meenen<br><\/strong>Gesch\u00e4ftsf\u00fchrer der Regionalen Stiftung der Landessparkasse zu Oldenburg<br>Telefon: 0441\/230-3140<br>Telefax: 0441\/230-3119<br>E-Mail:&nbsp;<a href=\"mailto:olaf.meenen@lzo.com\">olaf.meenen@lzo.com<\/a><strong>&nbsp;<\/strong><\/p>\n<\/div>\n\n\n\n<p>Bitte f\u00fcllen Sie das nachstehende Formular aus und senden es uns per E-Mail zu. Gerne k\u00fcmmern wir uns um Ihr\/e Anliegen\/Anfrage zum Thema \u201eStiftung\u201c. Sie erhalten in K\u00fcrze von uns eine Antwort.<\/p>\n\n\n\n<div class=\"wpcf7 no-js\" id=\"wpcf7-f4-o1\" lang=\"de-DE\" dir=\"ltr\" data-wpcf7-id=\"4\">\n<div class=\"screen-reader-response\"><p role=\"status\" aria-live=\"polite\" aria-atomic=\"true\"><\/p> <ul><\/ul><\/div>\n<form action=\"\/index.php?rest_route=%2Fwp%2Fv2%2Fpages%2F130#wpcf7-f4-o1\" method=\"post\" class=\"wpcf7-form init\" aria-label=\"Kontaktformular\" novalidate=\"novalidate\" data-status=\"init\">\n<fieldset class=\"hidden-fields-container\"><input type=\"hidden\" name=\"_wpcf7\" value=\"4\" \/><input type=\"hidden\" name=\"_wpcf7_version\" value=\"6.1.5\" \/><input type=\"hidden\" name=\"_wpcf7_locale\" value=\"de_DE\" \/><input type=\"hidden\" name=\"_wpcf7_unit_tag\" value=\"wpcf7-f4-o1\" \/><input type=\"hidden\" name=\"_wpcf7_container_post\" value=\"0\" \/><input type=\"hidden\" name=\"_wpcf7_posted_data_hash\" value=\"\" \/>\n<\/fieldset>\n<div class=\"lzoForm novalidate\">\n\t<div class=\"form100\">\n\t\t<p><span class=\"formInfo\">* Pflichtfelder<\/span>\n\t\t<\/p>\n\t<\/div>\n\t<div class=\"form33\">\n\t\t<p><strong>Anrede *<\/strong>\n\t\t<\/p>\n\t\t<p><span class=\"wpcf7-form-control-wrap\" data-name=\"Anrede\"><select class=\"wpcf7-form-control wpcf7-select wpcf7-validates-as-required\" aria-required=\"true\" aria-invalid=\"false\" name=\"Anrede\"><option value=\"\">&#8211; Bitte ausw\u00e4hlen &#8211;<\/option><option value=\"Herr\">Herr<\/option><option value=\"Frau\">Frau<\/option><\/select><\/span>\n\t\t<\/p>\n\t<\/div>\n\t<div class=\"form33\">\n\t\t<p><strong>Vorname *<\/strong>\n\t\t<\/p>\n\t\t<p><span class=\"wpcf7-form-control-wrap\" data-name=\"Vorname\"><input size=\"40\" maxlength=\"400\" class=\"wpcf7-form-control wpcf7-text wpcf7-validates-as-required\" aria-required=\"true\" aria-invalid=\"false\" value=\"\" type=\"text\" name=\"Vorname\" \/><\/span>\n\t\t<\/p>\n\t<\/div>\n\t<div class=\"form33\">\n\t\t<p><strong>Nachname *<\/strong>\n\t\t<\/p>\n\t\t<p><span class=\"wpcf7-form-control-wrap\" data-name=\"Nachname\"><input size=\"40\" maxlength=\"400\" class=\"wpcf7-form-control wpcf7-text wpcf7-validates-as-required\" aria-required=\"true\" aria-invalid=\"false\" value=\"\" type=\"text\" name=\"Nachname\" \/><\/span>\n\t\t<\/p>\n\t<\/div>\n\t<div class=\"form33\">\n\t\t<p><strong>Stra\u00dfe\/Nr. *<\/strong>\n\t\t<\/p>\n\t\t<p><span class=\"wpcf7-form-control-wrap\" data-name=\"StraeNr\"><input size=\"40\" maxlength=\"400\" class=\"wpcf7-form-control wpcf7-text wpcf7-validates-as-required\" aria-required=\"true\" aria-invalid=\"false\" value=\"\" type=\"text\" name=\"StraeNr\" \/><\/span>\n\t\t<\/p>\n\t<\/div>\n\t<div class=\"form33\">\n\t\t<p><strong>PLZ *<\/strong>\n\t\t<\/p>\n\t\t<p><span class=\"wpcf7-form-control-wrap\" data-name=\"PLZ\"><input size=\"40\" maxlength=\"400\" class=\"wpcf7-form-control wpcf7-text wpcf7-validates-as-required\" aria-required=\"true\" aria-invalid=\"false\" value=\"\" type=\"text\" name=\"PLZ\" \/><\/span>\n\t\t<\/p>\n\t<\/div>\n\t<div class=\"form33\">\n\t\t<p><strong>Ort *<\/strong>\n\t\t<\/p>\n\t\t<p><span class=\"wpcf7-form-control-wrap\" data-name=\"Ort\"><input size=\"40\" maxlength=\"400\" class=\"wpcf7-form-control wpcf7-text wpcf7-validates-as-required\" aria-required=\"true\" aria-invalid=\"false\" value=\"\" type=\"text\" name=\"Ort\" \/><\/span>\n\t\t<\/p>\n\t<\/div>\n\t<div class=\"form33\">\n\t\t<p><strong>Telefon<\/strong>\n\t\t<\/p>\n\t\t<p><span class=\"wpcf7-form-control-wrap\" data-name=\"Telefon\"><input size=\"40\" maxlength=\"400\" class=\"wpcf7-form-control wpcf7-tel wpcf7-text wpcf7-validates-as-tel\" aria-invalid=\"false\" value=\"\" type=\"tel\" name=\"Telefon\" \/><\/span>\n\t\t<\/p>\n\t<\/div>\n\t<div class=\"form33\">\n\t\t<p><strong>Fax<\/strong>\n\t\t<\/p>\n\t\t<p><span class=\"wpcf7-form-control-wrap\" data-name=\"Fax\"><input size=\"40\" maxlength=\"400\" class=\"wpcf7-form-control wpcf7-text\" aria-invalid=\"false\" value=\"\" type=\"text\" name=\"Fax\" \/><\/span>\n\t\t<\/p>\n\t<\/div>\n\t<div class=\"form33\">\n\t\t<p><strong>E-Mail *<\/strong>\n\t\t<\/p>\n\t\t<p><span class=\"wpcf7-form-control-wrap\" data-name=\"E-Mail\"><input size=\"40\" maxlength=\"400\" class=\"wpcf7-form-control wpcf7-email wpcf7-validates-as-required wpcf7-text wpcf7-validates-as-email\" aria-required=\"true\" aria-invalid=\"false\" value=\"\" type=\"email\" name=\"E-Mail\" \/><\/span>\n\t\t<\/p>\n\t<\/div>\n\t<div class=\"form33\">\n\t\t<p><strong>Bereits LzO-Kunde *<\/strong>\n\t\t<\/p>\n\t\t<p><span class=\"wpcf7-form-control-wrap\" data-name=\"kunde\"><select class=\"wpcf7-form-control wpcf7-select wpcf7-validates-as-required\" aria-required=\"true\" aria-invalid=\"false\" name=\"kunde\"><option value=\"\">&#8211; Bitte ausw\u00e4hlen &#8211;<\/option><option value=\"ja\">ja<\/option><option value=\"nein\">nein<\/option><\/select><\/span>\n\t\t<\/p>\n\t<\/div>\n\t<div class=\"form66\">\n\t\t<p><strong>Kontonummer<\/strong>\n\t\t<\/p>\n\t\t<p><span class=\"wpcf7-form-control-wrap\" data-name=\"Kontonummer\"><input size=\"40\" maxlength=\"400\" class=\"wpcf7-form-control wpcf7-text\" aria-invalid=\"false\" value=\"\" type=\"text\" name=\"Kontonummer\" \/><\/span>\n\t\t<\/p>\n\t<\/div>\n\t<div class=\"form100\">\n\t\t<p><strong>Meine Nachricht *<\/strong>\n\t\t<\/p>\n\t\t<p><span class=\"wpcf7-form-control-wrap\" data-name=\"Nachricht\"><textarea cols=\"40\" rows=\"10\" maxlength=\"2000\" class=\"wpcf7-form-control wpcf7-textarea wpcf7-validates-as-required\" aria-required=\"true\" aria-invalid=\"false\" name=\"Nachricht\"><\/textarea><\/span>\n\t\t<\/p>\n\t<\/div>\n\t<div class=\"form100\">\n\t\t<p><strong>Bitte senden Sie mir folgende Informationsunterlagen zur Regionalen Stiftung der LzO an meine obige Anschrift zu:<\/strong>\n\t\t<\/p>\n\t\t<p><span class=\"wpcf7-form-control-wrap\" data-name=\"checkbox-481\"><span class=\"wpcf7-form-control wpcf7-checkbox\"><span class=\"wpcf7-list-item first\"><label><input type=\"checkbox\" name=\"checkbox-481[]\" value=\"Brosch\u00fcre\" \/><span class=\"wpcf7-list-item-label\">Brosch\u00fcre<\/span><\/label><\/span><span class=\"wpcf7-list-item last\"><label><input type=\"checkbox\" name=\"checkbox-481[]\" value=\"Satzung\" \/><span class=\"wpcf7-list-item-label\">Satzung<\/span><\/label><\/span><\/span><\/span>\n\t\t<\/p>\n\t<\/div>\n\t<div class=\"form100\">\n\t\t<p><strong>Bitte geben Sie das Captcha ein *<\/strong>\n\t\t<\/p>\n\t\t<p><input type=\"hidden\" name=\"_wpcf7_captcha_challenge_captcha-1\" value=\"3869939160\" \/><img loading=\"lazy\" decoding=\"async\" class=\"wpcf7-form-control wpcf7-captchac wpcf7-captcha-captcha-1\" width=\"72\" height=\"24\" alt=\"captcha\" src=\"https:\/\/lzo-regionalstiftung.com\/wp-content\/uploads\/wpcf7_captcha\/3869939160.png\" \/><span class=\"wpcf7-form-control-wrap\" data-name=\"captcha-1\"><input size=\"40\" class=\"wpcf7-form-control wpcf7-captchar\" autocomplete=\"off\" aria-invalid=\"false\" value=\"\" type=\"text\" name=\"captcha-1\" \/><\/span>\n\t\t<\/p>\n\t<\/div>\n\t<div class=\"form100\">\n\t\t<p><span class=\"wpcf7-form-control-wrap\" data-name=\"acceptance-541\"><span class=\"wpcf7-form-control wpcf7-acceptance\"><span class=\"wpcf7-list-item\"><label><input type=\"checkbox\" name=\"acceptance-541\" value=\"1\" aria-invalid=\"false\" \/><span class=\"wpcf7-list-item-label\">* Bitte akzeptieren Sie die Bedingungen um fortzufahren.<\/span><\/label><\/span><\/span><\/span>\n\t\t<\/p>\n\t\t<p> Sie erkl\u00e4ren sich damit einverstanden, dass Ihre Daten zur Bearbeitung Ihres Anliegens verwendet werden. Weitere Informationen und Widerrufshinweise finden Sie in der <a href=\"\/?page_id=3\">Datenschutzerkl\u00e4rung<\/a>.\n\t\t<\/p>\n\t<\/div>\n\t<div class=\"form100\">\n\t\t<p><input class=\"wpcf7-form-control wpcf7-submit has-spinner\" type=\"submit\" value=\"Abschicken\" \/>\n\t\t<\/p>\n\t<\/div>\n<\/div><div class=\"wpcf7-response-output\" aria-hidden=\"true\"><\/div>\n<\/form>\n<\/div>\n\n\n\n\n<hr class=\"wp-block-separator has-text-color has-accent-5-color has-alpha-channel-opacity has-accent-5-background-color has-background is-style-wide\"\/>\n\n\n\n<h2 class=\"wp-block-heading\"><strong>Regionale Stiftung der Landessparkasse zu Oldenburg\u2028<\/strong><\/h2>\n\n\n\n<p>Vorstandsstab<br>Berliner Platz 1\u2028<br>26123 Oldenburg<br>Telefon: 0441\/230-0\u2028<br>Telefax: 0441\/230-83120<br>E-Mail:\u00a0<a href=\"mailto:oliver.nienaber@lzo.com\">oliver.nienaber@lzo.com<\/a><\/p>\n\n\n\n<p>IBAN DE69 2805 0100 00014090 93<br>BIC-Code: SLZODE22XXX<br>Landessparkasse zu Oldenburg<\/p>\n<\/div>\n<\/div>\n\n\n\n<div style=\"height:100px\" aria-hidden=\"true\" class=\"wp-block-spacer\"><\/div>\n","protected":false},"excerpt":{"rendered":"<p>GEMEINSAM \u201eGUTES AUF DEN WEG BRINGEN\u201c! Es ber\u00e4t und unterst\u00fctzt Sie gerne bei Ihrem pers\u00f6nlichen Stiftungsvorhaben: Oliver NienaberGesch\u00e4ftsf\u00fchrer der Regionalen Stiftung der Landessparkasse zu OldenburgTelefon: 0441\/230-3120Telefax: 0441\/230-83120&nbsp;E-Mail:&nbsp;oliver.nienaber@lzo.com Olaf MeenenGesch\u00e4ftsf\u00fchrer der Regionalen Stiftung der Landessparkasse zu OldenburgTelefon: 0441\/230-3140Telefax: 0441\/230-3119E-Mail:&nbsp;olaf.meenen@lzo.com&nbsp; Bitte f\u00fcllen Sie das nachstehende Formular aus und senden es uns per E-Mail zu. Gerne k\u00fcmmern wir [&hellip;]<\/p>\n","protected":false},"author":1,"featured_media":0,"parent":0,"menu_order":0,"comment_status":"closed","ping_status":"closed","template":"","meta":{"footnotes":""},"class_list":["post-130","page","type-page","status-publish","hentry"],"yoast_head":"<!-- This site is optimized with the Yoast SEO plugin v27.5 - https:\/\/yoast.com\/product\/yoast-seo-wordpress\/ -->\n<title>Kontakt - Regionale Stiftung der Landessparkasse zu Oldenburg<\/title>\n<meta name=\"robots\" content=\"index, follow, max-snippet:-1, max-image-preview:large, max-video-preview:-1\" \/>\n<link rel=\"canonical\" href=\"https:\/\/lzo-regionalstiftung.com\/?page_id=130\" \/>\n<meta property=\"og:locale\" content=\"de_DE\" \/>\n<meta property=\"og:type\" content=\"article\" \/>\n<meta property=\"og:title\" content=\"Kontakt - Regionale Stiftung der Landessparkasse zu Oldenburg\" \/>\n<meta property=\"og:description\" content=\"GEMEINSAM \u201eGUTES AUF DEN WEG BRINGEN\u201c! Es ber\u00e4t und unterst\u00fctzt Sie gerne bei Ihrem pers\u00f6nlichen Stiftungsvorhaben: Oliver NienaberGesch\u00e4ftsf\u00fchrer der Regionalen Stiftung der Landessparkasse zu OldenburgTelefon: 0441\/230-3120Telefax: 0441\/230-83120&nbsp;E-Mail:&nbsp;oliver.nienaber@lzo.com Olaf MeenenGesch\u00e4ftsf\u00fchrer der Regionalen Stiftung der Landessparkasse zu OldenburgTelefon: 0441\/230-3140Telefax: 0441\/230-3119E-Mail:&nbsp;olaf.meenen@lzo.com&nbsp; Bitte f\u00fcllen Sie das nachstehende Formular aus und senden es uns per E-Mail zu. Gerne k\u00fcmmern wir [&hellip;]\" \/>\n<meta property=\"og:url\" content=\"https:\/\/lzo-regionalstiftung.com\/?page_id=130\" \/>\n<meta property=\"og:site_name\" content=\"Regionale Stiftung der Landessparkasse zu Oldenburg\" \/>\n<meta property=\"article:modified_time\" content=\"2024-05-03T09:15:20+00:00\" \/>\n<meta name=\"twitter:card\" content=\"summary_large_image\" \/>\n<meta name=\"twitter:label1\" content=\"Gesch\u00e4tzte Lesezeit\" \/>\n\t<meta name=\"twitter:data1\" content=\"2\u00a0Minuten\" \/>\n<script type=\"application\/ld+json\" class=\"yoast-schema-graph\">{\"@context\":\"https:\\\/\\\/schema.org\",\"@graph\":[{\"@type\":\"WebPage\",\"@id\":\"https:\\\/\\\/lzo-regionalstiftung.com\\\/?page_id=130\",\"url\":\"https:\\\/\\\/lzo-regionalstiftung.com\\\/?page_id=130\",\"name\":\"Kontakt - Regionale Stiftung der Landessparkasse zu Oldenburg\",\"isPartOf\":{\"@id\":\"https:\\\/\\\/lzo-regionalstiftung.com\\\/#website\"},\"datePublished\":\"2024-04-30T10:09:41+00:00\",\"dateModified\":\"2024-05-03T09:15:20+00:00\",\"breadcrumb\":{\"@id\":\"https:\\\/\\\/lzo-regionalstiftung.com\\\/?page_id=130#breadcrumb\"},\"inLanguage\":\"de\",\"potentialAction\":[{\"@type\":\"ReadAction\",\"target\":[\"https:\\\/\\\/lzo-regionalstiftung.com\\\/?page_id=130\"]}]},{\"@type\":\"BreadcrumbList\",\"@id\":\"https:\\\/\\\/lzo-regionalstiftung.com\\\/?page_id=130#breadcrumb\",\"itemListElement\":[{\"@type\":\"ListItem\",\"position\":1,\"name\":\"Startseite\",\"item\":\"https:\\\/\\\/lzo-regionalstiftung.com\\\/\"},{\"@type\":\"ListItem\",\"position\":2,\"name\":\"Kontakt\"}]},{\"@type\":\"WebSite\",\"@id\":\"https:\\\/\\\/lzo-regionalstiftung.com\\\/#website\",\"url\":\"https:\\\/\\\/lzo-regionalstiftung.com\\\/\",\"name\":\"Regionale Stiftung der Landessparkasse zu Oldenburg\",\"description\":\"\",\"publisher\":{\"@id\":\"https:\\\/\\\/lzo-regionalstiftung.com\\\/#organization\"},\"potentialAction\":[{\"@type\":\"SearchAction\",\"target\":{\"@type\":\"EntryPoint\",\"urlTemplate\":\"https:\\\/\\\/lzo-regionalstiftung.com\\\/?s={search_term_string}\"},\"query-input\":{\"@type\":\"PropertyValueSpecification\",\"valueRequired\":true,\"valueName\":\"search_term_string\"}}],\"inLanguage\":\"de\"},{\"@type\":\"Organization\",\"@id\":\"https:\\\/\\\/lzo-regionalstiftung.com\\\/#organization\",\"name\":\"Regionale Stiftung der Landessparkasse zu Oldenburg\",\"url\":\"https:\\\/\\\/lzo-regionalstiftung.com\\\/\",\"logo\":{\"@type\":\"ImageObject\",\"inLanguage\":\"de\",\"@id\":\"https:\\\/\\\/lzo-regionalstiftung.com\\\/#\\\/schema\\\/logo\\\/image\\\/\",\"url\":\"https:\\\/\\\/lzo-regionalstiftung.com\\\/wp-content\\\/uploads\\\/2024\\\/04\\\/logo.gif\",\"contentUrl\":\"https:\\\/\\\/lzo-regionalstiftung.com\\\/wp-content\\\/uploads\\\/2024\\\/04\\\/logo.gif\",\"width\":210,\"height\":111,\"caption\":\"Regionale Stiftung der Landessparkasse zu Oldenburg\"},\"image\":{\"@id\":\"https:\\\/\\\/lzo-regionalstiftung.com\\\/#\\\/schema\\\/logo\\\/image\\\/\"}}]}<\/script>\n<!-- \/ Yoast SEO plugin. -->","yoast_head_json":{"title":"Kontakt - Regionale Stiftung der Landessparkasse zu Oldenburg","robots":{"index":"index","follow":"follow","max-snippet":"max-snippet:-1","max-image-preview":"max-image-preview:large","max-video-preview":"max-video-preview:-1"},"canonical":"https:\/\/lzo-regionalstiftung.com\/?page_id=130","og_locale":"de_DE","og_type":"article","og_title":"Kontakt - Regionale Stiftung der Landessparkasse zu Oldenburg","og_description":"GEMEINSAM \u201eGUTES AUF DEN WEG BRINGEN\u201c! Es ber\u00e4t und unterst\u00fctzt Sie gerne bei Ihrem pers\u00f6nlichen Stiftungsvorhaben: Oliver NienaberGesch\u00e4ftsf\u00fchrer der Regionalen Stiftung der Landessparkasse zu OldenburgTelefon: 0441\/230-3120Telefax: 0441\/230-83120&nbsp;E-Mail:&nbsp;oliver.nienaber@lzo.com Olaf MeenenGesch\u00e4ftsf\u00fchrer der Regionalen Stiftung der Landessparkasse zu OldenburgTelefon: 0441\/230-3140Telefax: 0441\/230-3119E-Mail:&nbsp;olaf.meenen@lzo.com&nbsp; Bitte f\u00fcllen Sie das nachstehende Formular aus und senden es uns per E-Mail zu. Gerne k\u00fcmmern wir [&hellip;]","og_url":"https:\/\/lzo-regionalstiftung.com\/?page_id=130","og_site_name":"Regionale Stiftung der Landessparkasse zu Oldenburg","article_modified_time":"2024-05-03T09:15:20+00:00","twitter_card":"summary_large_image","twitter_misc":{"Gesch\u00e4tzte Lesezeit":"2\u00a0Minuten"},"schema":{"@context":"https:\/\/schema.org","@graph":[{"@type":"WebPage","@id":"https:\/\/lzo-regionalstiftung.com\/?page_id=130","url":"https:\/\/lzo-regionalstiftung.com\/?page_id=130","name":"Kontakt - Regionale Stiftung der Landessparkasse zu Oldenburg","isPartOf":{"@id":"https:\/\/lzo-regionalstiftung.com\/#website"},"datePublished":"2024-04-30T10:09:41+00:00","dateModified":"2024-05-03T09:15:20+00:00","breadcrumb":{"@id":"https:\/\/lzo-regionalstiftung.com\/?page_id=130#breadcrumb"},"inLanguage":"de","potentialAction":[{"@type":"ReadAction","target":["https:\/\/lzo-regionalstiftung.com\/?page_id=130"]}]},{"@type":"BreadcrumbList","@id":"https:\/\/lzo-regionalstiftung.com\/?page_id=130#breadcrumb","itemListElement":[{"@type":"ListItem","position":1,"name":"Startseite","item":"https:\/\/lzo-regionalstiftung.com\/"},{"@type":"ListItem","position":2,"name":"Kontakt"}]},{"@type":"WebSite","@id":"https:\/\/lzo-regionalstiftung.com\/#website","url":"https:\/\/lzo-regionalstiftung.com\/","name":"Regionale Stiftung der Landessparkasse zu Oldenburg","description":"","publisher":{"@id":"https:\/\/lzo-regionalstiftung.com\/#organization"},"potentialAction":[{"@type":"SearchAction","target":{"@type":"EntryPoint","urlTemplate":"https:\/\/lzo-regionalstiftung.com\/?s={search_term_string}"},"query-input":{"@type":"PropertyValueSpecification","valueRequired":true,"valueName":"search_term_string"}}],"inLanguage":"de"},{"@type":"Organization","@id":"https:\/\/lzo-regionalstiftung.com\/#organization","name":"Regionale Stiftung der Landessparkasse zu Oldenburg","url":"https:\/\/lzo-regionalstiftung.com\/","logo":{"@type":"ImageObject","inLanguage":"de","@id":"https:\/\/lzo-regionalstiftung.com\/#\/schema\/logo\/image\/","url":"https:\/\/lzo-regionalstiftung.com\/wp-content\/uploads\/2024\/04\/logo.gif","contentUrl":"https:\/\/lzo-regionalstiftung.com\/wp-content\/uploads\/2024\/04\/logo.gif","width":210,"height":111,"caption":"Regionale Stiftung der Landessparkasse zu Oldenburg"},"image":{"@id":"https:\/\/lzo-regionalstiftung.com\/#\/schema\/logo\/image\/"}}]}},"_links":{"self":[{"href":"https:\/\/lzo-regionalstiftung.com\/index.php?rest_route=\/wp\/v2\/pages\/130","targetHints":{"allow":["GET"]}}],"collection":[{"href":"https:\/\/lzo-regionalstiftung.com\/index.php?rest_route=\/wp\/v2\/pages"}],"about":[{"href":"https:\/\/lzo-regionalstiftung.com\/index.php?rest_route=\/wp\/v2\/types\/page"}],"author":[{"embeddable":true,"href":"https:\/\/lzo-regionalstiftung.com\/index.php?rest_route=\/wp\/v2\/users\/1"}],"replies":[{"embeddable":true,"href":"https:\/\/lzo-regionalstiftung.com\/index.php?rest_route=%2Fwp%2Fv2%2Fcomments&post=130"}],"version-history":[{"count":4,"href":"https:\/\/lzo-regionalstiftung.com\/index.php?rest_route=\/wp\/v2\/pages\/130\/revisions"}],"predecessor-version":[{"id":230,"href":"https:\/\/lzo-regionalstiftung.com\/index.php?rest_route=\/wp\/v2\/pages\/130\/revisions\/230"}],"wp:attachment":[{"href":"https:\/\/lzo-regionalstiftung.com\/index.php?rest_route=%2Fwp%2Fv2%2Fmedia&parent=130"}],"curies":[{"name":"wp","href":"https:\/\/api.w.org\/{rel}","templated":true}]}}