{"id":178,"date":"2024-05-02T11:52:36","date_gmt":"2024-05-02T11:52:36","guid":{"rendered":"https:\/\/lzo-regionalstiftung.com\/?page_id=178"},"modified":"2024-05-06T09:40:34","modified_gmt":"2024-05-06T09:40:34","slug":"ein-ziel-vier-wege","status":"publish","type":"page","link":"https:\/\/lzo-regionalstiftung.com\/?page_id=178","title":{"rendered":"Ein Ziel &#8211; vier Wege"},"content":{"rendered":"\n<div class=\"wp-block-columns is-layout-flex wp-container-core-columns-is-layout-28f84493 wp-block-columns-is-layout-flex\">\n<div class=\"wp-block-column is-layout-flow wp-block-column-is-layout-flow\" style=\"flex-basis:25%\">\n<div class=\"wp-block-group noUnderline has-global-padding is-layout-constrained wp-block-group-is-layout-constrained\">\n<div class=\"wp-block-group has-text-color has-background has-link-color has-small-font-size wp-elements-0cc22b5206708b8d436410b356f05072 has-global-padding is-layout-constrained wp-container-core-group-is-layout-86dba5ee wp-block-group-is-layout-constrained\" style=\"border-radius:10px;color:#535353;background-color:#eaeef0;padding-top:var(--wp--preset--spacing--10);padding-right:var(--wp--preset--spacing--10);padding-bottom:var(--wp--preset--spacing--10);padding-left:var(--wp--preset--spacing--10)\">\n<p class=\"zielWege has-medium-font-size\"><a href=\"https:\/\/lzo-regionalstiftung.com\/?page_id=178\">Ein Ziel &#8211; vier Wege<\/a><\/p>\n\n\n\n<p class=\"sinnZweck has-medium-font-size\"><a href=\"https:\/\/lzo-regionalstiftung.com\/?page_id=181\">Sinn und Zweck<\/a><\/p>\n\n\n\n<p class=\"ideeWirklichkeit has-medium-font-size\"><a href=\"https:\/\/lzo-regionalstiftung.com\/?page_id=183\">Idee wird Wirklichkeit<\/a><\/p>\n\n\n\n<p class=\"stiftenSteuern has-medium-font-size\"><a href=\"https:\/\/lzo-regionalstiftung.com\/?page_id=185\">Stiften und Steuern<\/a><\/p>\n<\/div>\n\n\n\n<div class=\"wp-block-group has-text-color has-background has-link-color has-small-font-size wp-elements-7bf590fb5114e022034e2cd93dcde214 has-global-padding is-layout-constrained wp-container-core-group-is-layout-86dba5ee wp-block-group-is-layout-constrained\" style=\"border-radius:10px;color:#535353;background-color:#eaeef0;padding-top:var(--wp--preset--spacing--10);padding-right:var(--wp--preset--spacing--10);padding-bottom:var(--wp--preset--spacing--10);padding-left:var(--wp--preset--spacing--10)\">\n<p class=\"has-medium-font-size\"><strong>pdf-Download<\/strong><\/p>\n\n\n\n<p class=\"has-medium-font-size\"><a href=\"\/wp-content\/uploads\/2024\/06\/Satzung-Regionale-Stiftung-der-LzO-2024.pdf\" target=\"_blank\" rel=\"noreferrer noopener\">Satzung<\/a><\/p>\n\n\n\n<p class=\"has-medium-font-size\"><a href=\"https:\/\/lzo-regionalstiftung.com\/wp-content\/uploads\/2025\/07\/Foerderrichtlinien25.pdf\" target=\"_blank\" rel=\"noreferrer noopener\">F\u00f6rderrichtlinie<\/a><\/p>\n\n\n\n<p class=\"has-medium-font-size\"><a href=\"\/wp-content\/uploads\/2024\/04\/foerderantrag.pdf\" target=\"_blank\" rel=\"noreferrer noopener\">F\u00f6rderantrag<\/a><\/p>\n\n\n\n<p class=\"has-medium-font-size\"><a href=\"\/wp-content\/uploads\/2024\/04\/finanzierungsplan.pdf\" target=\"_blank\" rel=\"noreferrer noopener\">Finanzierungsplan<\/a><\/p>\n\n\n\n<p class=\"has-medium-font-size\"><a href=\"\/wp-content\/uploads\/2024\/04\/Grundsaetze-guter-Stiftungspraxis_2019.pdf\" target=\"_blank\" rel=\"noreferrer noopener\">Grunds\u00e4tze Guter Stiftungspraxis<\/a><\/p>\n\n\n\n<p class=\"has-medium-font-size\"><a href=\"\/wp-content\/uploads\/2024\/04\/Grundsaetze-guter-Stiftungspraxis-Aenderungen_2019.pdf\" target=\"_blank\" rel=\"noreferrer noopener\">Erg\u00e4nzte Passagen<\/a><\/p>\n<\/div>\n<\/div>\n\n\n\n<style>\n.zielWege a {\n    color: #d4000f;\n    font-weight: bold;\n}\n<\/style>\n<\/div>\n\n\n\n<div class=\"wp-block-column is-layout-flow wp-block-column-is-layout-flow\" style=\"flex-basis:75%\">\n<h1 class=\"wp-block-heading\">EIN ZIEL &#8211; VIER WEGE<\/h1>\n\n\n\n<p>Je nach pers\u00f6nlichem Wunsch und der vorhandenen Verm\u00f6gensbasis bietet Ihnen die Regionale Stiftung der LzO eine passende M\u00f6glichkeit, sich zu engagieren.<\/p>\n\n\n\n<figure class=\"wp-block-image size-full\"><img loading=\"lazy\" decoding=\"async\" width=\"766\" height=\"451\" src=\"https:\/\/lzo-regionalstiftung.com\/wp-content\/uploads\/2024\/05\/Grafik_1Ziel-4Wege.png\" alt=\"\" class=\"wp-image-189\" srcset=\"https:\/\/lzo-regionalstiftung.com\/wp-content\/uploads\/2024\/05\/Grafik_1Ziel-4Wege.png 766w, https:\/\/lzo-regionalstiftung.com\/wp-content\/uploads\/2024\/05\/Grafik_1Ziel-4Wege-300x177.png 300w\" sizes=\"auto, (max-width: 766px) 100vw, 766px\" \/><\/figure>\n\n\n\n<h1 class=\"wp-block-heading\">WELCHER WEG PASST ZU IHNEN?<\/h1>\n\n\n\n<h2 class=\"wp-block-heading\">1 Spende \u2013 ab 10 Euro<\/h2>\n\n\n\n<p>Schon ab 10 Euro k\u00f6nnen Sie, gemeinsam mit vielen anderen, Gro\u00dfes in Ihrer Region bewirken. Denn alle Spenden \u2013 soweit sie nicht ausdr\u00fccklich das Stiftungskapital erh\u00f6hen sollen \u2013 werden zeitnah f\u00fcr F\u00f6rderma\u00dfnahmen verwendet. Dadurch wird gew\u00e4hrleistet, dass sich an zahlreichen Orten in unserer Region kontinuierlich etwas zum Guten bewegt.<\/p>\n\n\n\n<h2 class=\"wp-block-heading\">2 Zustiftung \u2013 ab 1.000 Euro<\/h2>\n\n\n\n<p>M\u00f6chten Sie indes, dass das Stiftungskapital unserer Regionalen Stiftung dauerhaft mehr an Ertr\u00e4gen f\u00fcr seine F\u00f6rderzwecke erwirtschaftet? Dann haben Sie in Form einer Zustiftung ab 1.000 Euro die M\u00f6glichkeit, den Kapitalstock der Stiftung zu st\u00e4rken.<\/p>\n\n\n\n<h2 class=\"wp-block-heading\">3 Stiftungsfonds \u2013 ab 250.000 Euro<\/h2>\n\n\n\n<p>Ihnen liegt etwas besonders am Herzen und Sie k\u00f6nnen hierf\u00fcr 250.000 Euro oder mehr entbehren? Dann kommt ein Stiftungsfonds f\u00fcr Sie in Frage. Dieser funktioniert \u00e4hnlich wie eine Zustiftung, nur dass die Stiftungssumme an einen von Ihnen gew\u00fcnschten F\u00f6rderzweck oder eine gemeinn\u00fctzige Einrichtung Ihrer Wahl gebunden ist \u2013 wie zum Beispiel beim vorne erw\u00e4hnten Mellumrat e.V. Alle erwirtschafteten Ertr\u00e4ge flie\u00dfen dann in \u201eIhr\u201c Projekt. Lediglich die f\u00fcr die Verm\u00f6gensanlage und die erforderliche Buchhaltung anfallenden Kosten schm\u00e4lern geringf\u00fcgig die Ertr\u00e4ge.<br>\u00dcbrigens: Sie k\u00f6nnen \u201eIhrem\u201c Stiftungsfonds auch einen eigenen Namen geben, zum Beispiel \u201eAndreas Hohmann Stiftungsfonds f\u00fcr Tiere in Not\u201c.<\/p>\n\n\n\n<h2 class=\"wp-block-heading\">4 Treuhandstiftung \u2013 ab 500.000 Euro<\/h2>\n\n\n\n<p>Eine Treuhandstiftung unter dem Dach unserer Regionalen Stiftung entspricht in etwa einer eigenen Stiftung. Sie hat aber einen entscheidenden Vorteil: Im Gegensatz zu einer eigenst\u00e4ndigen rechtsf\u00e4higen Stiftung ist sie mit viel weniger Aufwand verbunden. Ein weiterer Vorteil: Frei nach Ihren W\u00fcnschen haben Sie im Rahmen einer Treuhandstiftung die M\u00f6glichkeit, gleich mehrere \u2013 verschiedene \u2013 F\u00f6rderzwecke festzulegen. Selbstverst\u00e4ndlich k\u00f6nnen Sie auch hier den Namen selber ausw\u00e4hlen. Kosten, die f\u00fcr die Verm\u00f6gensanlage und die erforderliche Buchhaltung entstehen, mindern geringf\u00fcgig die Ertr\u00e4ge.<\/p>\n\n\n\n<p>\u00dcber alle vier Wege \u201eGutes zu tun\u201c k\u00f6nnen Sie sowohl zu Lebzeiten als auch testamentarisch verf\u00fcgen. Und damit der Stifterwille beim Stiftungsfonds und bei der Treuhandstiftung auch nach seinem Ableben erf\u00fcllt wird, gew\u00e4hrleisten wir eine dauerhafte Organisation und Verwaltung des betreffenden Stiftungsverm\u00f6gens.<br>Egal f\u00fcr welche Variante Sie sich entscheiden:<br><strong>Ihr Engagement kommt unserer Region zugute \u2013 Generationen \u00fcbergreifend!<\/strong><\/p>\n\n\n\n<div class=\"wp-block-columns is-layout-flex wp-container-core-columns-is-layout-28f84493 wp-block-columns-is-layout-flex\">\n<div class=\"wp-block-column is-vertically-aligned-center is-layout-flow wp-block-column-is-layout-flow\">\n<p>Sollten Sie dar\u00fcber hinaus Interesse an der Errichtung einer eigenst\u00e4ndigen, rechtsf\u00e4higen Stiftung haben, stehen wir Ihnen f\u00fcr die Realisierung Ihres Vorhabens ebenfalls gern als kompetenter Ansprechpartner zur Verf\u00fcgung.<\/p>\n\n\n\n<p><strong>Kontoverbindung der Regionalen Stiftung der LzO<\/strong><br>IBAN DE69 2805 0100 00014090 93<br>BIC-Code: SLZODE22XXX<\/p>\n<\/div>\n\n\n\n<div class=\"wp-block-column is-layout-flow wp-block-column-is-layout-flow\">\n<figure class=\"wp-block-image alignright size-full\"><img loading=\"lazy\" decoding=\"async\" width=\"379\" height=\"228\" src=\"https:\/\/lzo-regionalstiftung.com\/wp-content\/uploads\/2024\/05\/Computer.png\" alt=\"\" class=\"wp-image-190\" srcset=\"https:\/\/lzo-regionalstiftung.com\/wp-content\/uploads\/2024\/05\/Computer.png 379w, https:\/\/lzo-regionalstiftung.com\/wp-content\/uploads\/2024\/05\/Computer-300x180.png 300w\" sizes=\"auto, (max-width: 379px) 100vw, 379px\" \/><\/figure>\n<\/div>\n<\/div>\n\n\n\n<p>Bitte geben Sie im Verwendungszweck an, ob wir Ihre Zuwendung als \u201eSpende\u201c oder \u201eZustiftung\u201c ber\u00fccksichtigen sollen. M\u00f6chten Sie eine\/n bereits bestehende\/n Kundenstiftungsfonds oder -Treuhandstiftung unterst\u00fctzen, dann nennen Sie uns bitte auch dessen Namen im Verwendungszweck. Welche bereits aktiv sind, finden Sie&nbsp;<a href=\"https:\/\/lzo-regionalstiftung.com\/?page_id=70\">hier.<\/a><\/p>\n<\/div>\n<\/div>\n\n\n\n<div style=\"height:100px\" aria-hidden=\"true\" class=\"wp-block-spacer\"><\/div>\n","protected":false},"excerpt":{"rendered":"<p>EIN ZIEL &#8211; VIER WEGE Je nach pers\u00f6nlichem Wunsch und der vorhandenen Verm\u00f6gensbasis bietet Ihnen die Regionale Stiftung der LzO eine passende M\u00f6glichkeit, sich zu engagieren. WELCHER WEG PASST ZU IHNEN? 1 Spende \u2013 ab 10 Euro Schon ab 10 Euro k\u00f6nnen Sie, gemeinsam mit vielen anderen, Gro\u00dfes in Ihrer Region bewirken. Denn alle Spenden [&hellip;]<\/p>\n","protected":false},"author":1,"featured_media":0,"parent":0,"menu_order":0,"comment_status":"closed","ping_status":"closed","template":"","meta":{"footnotes":""},"class_list":["post-178","page","type-page","status-publish","hentry"],"yoast_head":"<!-- This site is optimized with the Yoast SEO plugin v27.3 - https:\/\/yoast.com\/product\/yoast-seo-wordpress\/ -->\n<title>Ein Ziel - vier Wege - Regionale Stiftung der Landessparkasse zu Oldenburg<\/title>\n<meta name=\"robots\" content=\"index, follow, max-snippet:-1, max-image-preview:large, max-video-preview:-1\" \/>\n<link rel=\"canonical\" href=\"https:\/\/lzo-regionalstiftung.com\/?page_id=178\" \/>\n<meta property=\"og:locale\" content=\"de_DE\" \/>\n<meta property=\"og:type\" content=\"article\" \/>\n<meta property=\"og:title\" content=\"Ein Ziel - vier Wege - Regionale Stiftung der Landessparkasse zu Oldenburg\" \/>\n<meta property=\"og:description\" content=\"EIN ZIEL &#8211; VIER WEGE Je nach pers\u00f6nlichem Wunsch und der vorhandenen Verm\u00f6gensbasis bietet Ihnen die Regionale Stiftung der LzO eine passende M\u00f6glichkeit, sich zu engagieren. WELCHER WEG PASST ZU IHNEN? 1 Spende \u2013 ab 10 Euro Schon ab 10 Euro k\u00f6nnen Sie, gemeinsam mit vielen anderen, Gro\u00dfes in Ihrer Region bewirken. Denn alle Spenden [&hellip;]\" \/>\n<meta property=\"og:url\" content=\"https:\/\/lzo-regionalstiftung.com\/?page_id=178\" \/>\n<meta property=\"og:site_name\" content=\"Regionale Stiftung der Landessparkasse zu Oldenburg\" \/>\n<meta property=\"article:modified_time\" content=\"2024-05-06T09:40:34+00:00\" \/>\n<meta property=\"og:image\" content=\"https:\/\/lzo-regionalstiftung.com\/wp-content\/uploads\/2024\/05\/Grafik_1Ziel-4Wege.png\" \/>\n<meta name=\"twitter:card\" content=\"summary_large_image\" \/>\n<meta name=\"twitter:label1\" content=\"Gesch\u00e4tzte Lesezeit\" \/>\n\t<meta name=\"twitter:data1\" content=\"6\u00a0Minuten\" \/>\n<script type=\"application\/ld+json\" class=\"yoast-schema-graph\">{\"@context\":\"https:\\\/\\\/schema.org\",\"@graph\":[{\"@type\":\"WebPage\",\"@id\":\"https:\\\/\\\/lzo-regionalstiftung.com\\\/?page_id=178\",\"url\":\"https:\\\/\\\/lzo-regionalstiftung.com\\\/?page_id=178\",\"name\":\"Ein Ziel - vier Wege - Regionale Stiftung der Landessparkasse zu Oldenburg\",\"isPartOf\":{\"@id\":\"https:\\\/\\\/lzo-regionalstiftung.com\\\/#website\"},\"primaryImageOfPage\":{\"@id\":\"https:\\\/\\\/lzo-regionalstiftung.com\\\/?page_id=178#primaryimage\"},\"image\":{\"@id\":\"https:\\\/\\\/lzo-regionalstiftung.com\\\/?page_id=178#primaryimage\"},\"thumbnailUrl\":\"https:\\\/\\\/lzo-regionalstiftung.com\\\/wp-content\\\/uploads\\\/2024\\\/05\\\/Grafik_1Ziel-4Wege.png\",\"datePublished\":\"2024-05-02T11:52:36+00:00\",\"dateModified\":\"2024-05-06T09:40:34+00:00\",\"breadcrumb\":{\"@id\":\"https:\\\/\\\/lzo-regionalstiftung.com\\\/?page_id=178#breadcrumb\"},\"inLanguage\":\"de\",\"potentialAction\":[{\"@type\":\"ReadAction\",\"target\":[\"https:\\\/\\\/lzo-regionalstiftung.com\\\/?page_id=178\"]}]},{\"@type\":\"ImageObject\",\"inLanguage\":\"de\",\"@id\":\"https:\\\/\\\/lzo-regionalstiftung.com\\\/?page_id=178#primaryimage\",\"url\":\"https:\\\/\\\/lzo-regionalstiftung.com\\\/wp-content\\\/uploads\\\/2024\\\/05\\\/Grafik_1Ziel-4Wege.png\",\"contentUrl\":\"https:\\\/\\\/lzo-regionalstiftung.com\\\/wp-content\\\/uploads\\\/2024\\\/05\\\/Grafik_1Ziel-4Wege.png\",\"width\":766,\"height\":451},{\"@type\":\"BreadcrumbList\",\"@id\":\"https:\\\/\\\/lzo-regionalstiftung.com\\\/?page_id=178#breadcrumb\",\"itemListElement\":[{\"@type\":\"ListItem\",\"position\":1,\"name\":\"Startseite\",\"item\":\"https:\\\/\\\/lzo-regionalstiftung.com\\\/\"},{\"@type\":\"ListItem\",\"position\":2,\"name\":\"Ein Ziel &#8211; vier Wege\"}]},{\"@type\":\"WebSite\",\"@id\":\"https:\\\/\\\/lzo-regionalstiftung.com\\\/#website\",\"url\":\"https:\\\/\\\/lzo-regionalstiftung.com\\\/\",\"name\":\"Regionale Stiftung der Landessparkasse zu Oldenburg\",\"description\":\"\",\"publisher\":{\"@id\":\"https:\\\/\\\/lzo-regionalstiftung.com\\\/#organization\"},\"potentialAction\":[{\"@type\":\"SearchAction\",\"target\":{\"@type\":\"EntryPoint\",\"urlTemplate\":\"https:\\\/\\\/lzo-regionalstiftung.com\\\/?s={search_term_string}\"},\"query-input\":{\"@type\":\"PropertyValueSpecification\",\"valueRequired\":true,\"valueName\":\"search_term_string\"}}],\"inLanguage\":\"de\"},{\"@type\":\"Organization\",\"@id\":\"https:\\\/\\\/lzo-regionalstiftung.com\\\/#organization\",\"name\":\"Regionale Stiftung der Landessparkasse zu Oldenburg\",\"url\":\"https:\\\/\\\/lzo-regionalstiftung.com\\\/\",\"logo\":{\"@type\":\"ImageObject\",\"inLanguage\":\"de\",\"@id\":\"https:\\\/\\\/lzo-regionalstiftung.com\\\/#\\\/schema\\\/logo\\\/image\\\/\",\"url\":\"https:\\\/\\\/lzo-regionalstiftung.com\\\/wp-content\\\/uploads\\\/2024\\\/04\\\/logo.gif\",\"contentUrl\":\"https:\\\/\\\/lzo-regionalstiftung.com\\\/wp-content\\\/uploads\\\/2024\\\/04\\\/logo.gif\",\"width\":210,\"height\":111,\"caption\":\"Regionale Stiftung der Landessparkasse zu Oldenburg\"},\"image\":{\"@id\":\"https:\\\/\\\/lzo-regionalstiftung.com\\\/#\\\/schema\\\/logo\\\/image\\\/\"}}]}<\/script>\n<!-- \/ Yoast SEO plugin. -->","yoast_head_json":{"title":"Ein Ziel - vier Wege - Regionale Stiftung der Landessparkasse zu Oldenburg","robots":{"index":"index","follow":"follow","max-snippet":"max-snippet:-1","max-image-preview":"max-image-preview:large","max-video-preview":"max-video-preview:-1"},"canonical":"https:\/\/lzo-regionalstiftung.com\/?page_id=178","og_locale":"de_DE","og_type":"article","og_title":"Ein Ziel - vier Wege - Regionale Stiftung der Landessparkasse zu Oldenburg","og_description":"EIN ZIEL &#8211; VIER WEGE Je nach pers\u00f6nlichem Wunsch und der vorhandenen Verm\u00f6gensbasis bietet Ihnen die Regionale Stiftung der LzO eine passende M\u00f6glichkeit, sich zu engagieren. WELCHER WEG PASST ZU IHNEN? 1 Spende \u2013 ab 10 Euro Schon ab 10 Euro k\u00f6nnen Sie, gemeinsam mit vielen anderen, Gro\u00dfes in Ihrer Region bewirken. Denn alle Spenden [&hellip;]","og_url":"https:\/\/lzo-regionalstiftung.com\/?page_id=178","og_site_name":"Regionale Stiftung der Landessparkasse zu Oldenburg","article_modified_time":"2024-05-06T09:40:34+00:00","og_image":[{"url":"https:\/\/lzo-regionalstiftung.com\/wp-content\/uploads\/2024\/05\/Grafik_1Ziel-4Wege.png","type":"","width":"","height":""}],"twitter_card":"summary_large_image","twitter_misc":{"Gesch\u00e4tzte Lesezeit":"6\u00a0Minuten"},"schema":{"@context":"https:\/\/schema.org","@graph":[{"@type":"WebPage","@id":"https:\/\/lzo-regionalstiftung.com\/?page_id=178","url":"https:\/\/lzo-regionalstiftung.com\/?page_id=178","name":"Ein Ziel - vier Wege - Regionale Stiftung der Landessparkasse zu Oldenburg","isPartOf":{"@id":"https:\/\/lzo-regionalstiftung.com\/#website"},"primaryImageOfPage":{"@id":"https:\/\/lzo-regionalstiftung.com\/?page_id=178#primaryimage"},"image":{"@id":"https:\/\/lzo-regionalstiftung.com\/?page_id=178#primaryimage"},"thumbnailUrl":"https:\/\/lzo-regionalstiftung.com\/wp-content\/uploads\/2024\/05\/Grafik_1Ziel-4Wege.png","datePublished":"2024-05-02T11:52:36+00:00","dateModified":"2024-05-06T09:40:34+00:00","breadcrumb":{"@id":"https:\/\/lzo-regionalstiftung.com\/?page_id=178#breadcrumb"},"inLanguage":"de","potentialAction":[{"@type":"ReadAction","target":["https:\/\/lzo-regionalstiftung.com\/?page_id=178"]}]},{"@type":"ImageObject","inLanguage":"de","@id":"https:\/\/lzo-regionalstiftung.com\/?page_id=178#primaryimage","url":"https:\/\/lzo-regionalstiftung.com\/wp-content\/uploads\/2024\/05\/Grafik_1Ziel-4Wege.png","contentUrl":"https:\/\/lzo-regionalstiftung.com\/wp-content\/uploads\/2024\/05\/Grafik_1Ziel-4Wege.png","width":766,"height":451},{"@type":"BreadcrumbList","@id":"https:\/\/lzo-regionalstiftung.com\/?page_id=178#breadcrumb","itemListElement":[{"@type":"ListItem","position":1,"name":"Startseite","item":"https:\/\/lzo-regionalstiftung.com\/"},{"@type":"ListItem","position":2,"name":"Ein Ziel &#8211; vier Wege"}]},{"@type":"WebSite","@id":"https:\/\/lzo-regionalstiftung.com\/#website","url":"https:\/\/lzo-regionalstiftung.com\/","name":"Regionale Stiftung der Landessparkasse zu Oldenburg","description":"","publisher":{"@id":"https:\/\/lzo-regionalstiftung.com\/#organization"},"potentialAction":[{"@type":"SearchAction","target":{"@type":"EntryPoint","urlTemplate":"https:\/\/lzo-regionalstiftung.com\/?s={search_term_string}"},"query-input":{"@type":"PropertyValueSpecification","valueRequired":true,"valueName":"search_term_string"}}],"inLanguage":"de"},{"@type":"Organization","@id":"https:\/\/lzo-regionalstiftung.com\/#organization","name":"Regionale Stiftung der Landessparkasse zu Oldenburg","url":"https:\/\/lzo-regionalstiftung.com\/","logo":{"@type":"ImageObject","inLanguage":"de","@id":"https:\/\/lzo-regionalstiftung.com\/#\/schema\/logo\/image\/","url":"https:\/\/lzo-regionalstiftung.com\/wp-content\/uploads\/2024\/04\/logo.gif","contentUrl":"https:\/\/lzo-regionalstiftung.com\/wp-content\/uploads\/2024\/04\/logo.gif","width":210,"height":111,"caption":"Regionale Stiftung der Landessparkasse zu Oldenburg"},"image":{"@id":"https:\/\/lzo-regionalstiftung.com\/#\/schema\/logo\/image\/"}}]}},"_links":{"self":[{"href":"https:\/\/lzo-regionalstiftung.com\/index.php?rest_route=\/wp\/v2\/pages\/178","targetHints":{"allow":["GET"]}}],"collection":[{"href":"https:\/\/lzo-regionalstiftung.com\/index.php?rest_route=\/wp\/v2\/pages"}],"about":[{"href":"https:\/\/lzo-regionalstiftung.com\/index.php?rest_route=\/wp\/v2\/types\/page"}],"author":[{"embeddable":true,"href":"https:\/\/lzo-regionalstiftung.com\/index.php?rest_route=\/wp\/v2\/users\/1"}],"replies":[{"embeddable":true,"href":"https:\/\/lzo-regionalstiftung.com\/index.php?rest_route=%2Fwp%2Fv2%2Fcomments&post=178"}],"version-history":[{"count":7,"href":"https:\/\/lzo-regionalstiftung.com\/index.php?rest_route=\/wp\/v2\/pages\/178\/revisions"}],"predecessor-version":[{"id":270,"href":"https:\/\/lzo-regionalstiftung.com\/index.php?rest_route=\/wp\/v2\/pages\/178\/revisions\/270"}],"wp:attachment":[{"href":"https:\/\/lzo-regionalstiftung.com\/index.php?rest_route=%2Fwp%2Fv2%2Fmedia&parent=178"}],"curies":[{"name":"wp","href":"https:\/\/api.w.org\/{rel}","templated":true}]}}