{"id":183,"date":"2024-05-02T11:54:47","date_gmt":"2024-05-02T11:54:47","guid":{"rendered":"https:\/\/lzo-regionalstiftung.com\/?page_id=183"},"modified":"2024-05-06T09:43:14","modified_gmt":"2024-05-06T09:43:14","slug":"idee-wird-wirklichkeit","status":"publish","type":"page","link":"https:\/\/lzo-regionalstiftung.com\/?page_id=183","title":{"rendered":"Idee wird Wirklichkeit"},"content":{"rendered":"\n<div class=\"wp-block-columns is-layout-flex wp-container-core-columns-is-layout-28f84493 wp-block-columns-is-layout-flex\">\n<div class=\"wp-block-column is-layout-flow wp-block-column-is-layout-flow\" style=\"flex-basis:25%\">\n<div class=\"wp-block-group noUnderline has-global-padding is-layout-constrained wp-block-group-is-layout-constrained\">\n<div class=\"wp-block-group has-text-color has-background has-link-color has-small-font-size wp-elements-0cc22b5206708b8d436410b356f05072 has-global-padding is-layout-constrained wp-container-core-group-is-layout-86dba5ee wp-block-group-is-layout-constrained\" style=\"border-radius:10px;color:#535353;background-color:#eaeef0;padding-top:var(--wp--preset--spacing--10);padding-right:var(--wp--preset--spacing--10);padding-bottom:var(--wp--preset--spacing--10);padding-left:var(--wp--preset--spacing--10)\">\n<p class=\"zielWege has-medium-font-size\"><a href=\"https:\/\/lzo-regionalstiftung.com\/?page_id=178\">Ein Ziel &#8211; vier Wege<\/a><\/p>\n\n\n\n<p class=\"sinnZweck has-medium-font-size\"><a href=\"https:\/\/lzo-regionalstiftung.com\/?page_id=181\">Sinn und Zweck<\/a><\/p>\n\n\n\n<p class=\"ideeWirklichkeit has-medium-font-size\"><a href=\"https:\/\/lzo-regionalstiftung.com\/?page_id=183\">Idee wird Wirklichkeit<\/a><\/p>\n\n\n\n<p class=\"stiftenSteuern has-medium-font-size\"><a href=\"https:\/\/lzo-regionalstiftung.com\/?page_id=185\">Stiften und Steuern<\/a><\/p>\n<\/div>\n\n\n\n<div class=\"wp-block-group has-text-color has-background has-link-color has-small-font-size wp-elements-7bf590fb5114e022034e2cd93dcde214 has-global-padding is-layout-constrained wp-container-core-group-is-layout-86dba5ee wp-block-group-is-layout-constrained\" style=\"border-radius:10px;color:#535353;background-color:#eaeef0;padding-top:var(--wp--preset--spacing--10);padding-right:var(--wp--preset--spacing--10);padding-bottom:var(--wp--preset--spacing--10);padding-left:var(--wp--preset--spacing--10)\">\n<p class=\"has-medium-font-size\"><strong>pdf-Download<\/strong><\/p>\n\n\n\n<p class=\"has-medium-font-size\"><a href=\"\/wp-content\/uploads\/2024\/06\/Satzung-Regionale-Stiftung-der-LzO-2024.pdf\" target=\"_blank\" rel=\"noreferrer noopener\">Satzung<\/a><\/p>\n\n\n\n<p class=\"has-medium-font-size\"><a href=\"https:\/\/lzo-regionalstiftung.com\/wp-content\/uploads\/2025\/07\/Foerderrichtlinien25.pdf\" target=\"_blank\" rel=\"noreferrer noopener\">F\u00f6rderrichtlinie<\/a><\/p>\n\n\n\n<p class=\"has-medium-font-size\"><a href=\"\/wp-content\/uploads\/2024\/04\/foerderantrag.pdf\" target=\"_blank\" rel=\"noreferrer noopener\">F\u00f6rderantrag<\/a><\/p>\n\n\n\n<p class=\"has-medium-font-size\"><a href=\"\/wp-content\/uploads\/2024\/04\/finanzierungsplan.pdf\" target=\"_blank\" rel=\"noreferrer noopener\">Finanzierungsplan<\/a><\/p>\n\n\n\n<p class=\"has-medium-font-size\"><a href=\"\/wp-content\/uploads\/2024\/04\/Grundsaetze-guter-Stiftungspraxis_2019.pdf\" target=\"_blank\" rel=\"noreferrer noopener\">Grunds\u00e4tze Guter Stiftungspraxis<\/a><\/p>\n\n\n\n<p class=\"has-medium-font-size\"><a href=\"\/wp-content\/uploads\/2024\/04\/Grundsaetze-guter-Stiftungspraxis-Aenderungen_2019.pdf\" target=\"_blank\" rel=\"noreferrer noopener\">Erg\u00e4nzte Passagen<\/a><\/p>\n<\/div>\n<\/div>\n\n\n\n<style>\n.ideeWirklichkeit a {\n    color: #d4000f;\n    font-weight: bold;\n}\n<\/style>\n<\/div>\n\n\n\n<div class=\"wp-block-column is-layout-flow wp-block-column-is-layout-flow\" style=\"flex-basis:75%\">\n<h1 class=\"wp-block-heading\">WIR K\u00dcMMERN UNS UM DIE DETAILS \u2013&nbsp;JETZT UND IN ZUKUNFT<\/h1>\n\n\n\n<p>Sie m\u00f6chten etwas Gutes f\u00fcr die Region tun und ben\u00f6tigen Unterst\u00fctzung? Sprechen Sie uns an! Gemeinsam mit externen Spezialisten, wie zum Beispiel Steuer- und Rechtsberatern, sind wir in vielf\u00e4ltiger Weise f\u00fcr Sie da und begleiten Sie von der Stiftungsidee bis zur Realisierung und dauerhaften Verwaltung.<\/p>\n\n\n\n<div class=\"wp-block-group has-accent-5-background-color has-background has-global-padding is-layout-constrained wp-container-core-group-is-layout-86dba5ee wp-block-group-is-layout-constrained\" style=\"border-radius:10px;padding-top:var(--wp--preset--spacing--10);padding-right:var(--wp--preset--spacing--10);padding-bottom:var(--wp--preset--spacing--10);padding-left:var(--wp--preset--spacing--10)\">\n<div class=\"wp-block-columns is-layout-flex wp-container-core-columns-is-layout-28f84493 wp-block-columns-is-layout-flex\">\n<div class=\"wp-block-column is-layout-flow wp-block-column-is-layout-flow\" style=\"flex-basis:50%\">\n<ul class=\"wp-block-list\">\n<li>allgemeine Stiftungsberatung&nbsp;<\/li>\n\n\n\n<li>gemeinsame Entwicklung eines geeigneten Stiftungszwecks nach Ihren Vorstellungen&nbsp;<\/li>\n\n\n\n<li>Erstellung eines Konzepts aus einer Hand&nbsp;<\/li>\n\n\n\n<li>laufende Organisation und Verwaltung des Stiftungsgesch\u00e4fts&nbsp;<\/li>\n\n\n\n<li>Durchf\u00fchrung von F\u00f6rderma\u00dfnahmen&nbsp;<\/li>\n\n\n\n<li>professionelles Verm\u00f6gensmanagement durch langj\u00e4hrig erfahrene Finanzexperten<\/li>\n<\/ul>\n<\/div>\n\n\n\n<div class=\"wp-block-column is-layout-flow wp-block-column-is-layout-flow\" style=\"flex-basis:50%\">\n<figure class=\"wp-block-image alignright size-full\"><img loading=\"lazy\" decoding=\"async\" width=\"370\" height=\"275\" src=\"https:\/\/lzo-regionalstiftung.com\/wp-content\/uploads\/2024\/05\/Ballon.jpg\" alt=\"\" class=\"wp-image-202\" srcset=\"https:\/\/lzo-regionalstiftung.com\/wp-content\/uploads\/2024\/05\/Ballon.jpg 370w, https:\/\/lzo-regionalstiftung.com\/wp-content\/uploads\/2024\/05\/Ballon-300x223.jpg 300w\" sizes=\"auto, (max-width: 370px) 100vw, 370px\" \/><\/figure>\n<\/div>\n<\/div>\n<\/div>\n\n\n\n<p>Wer sein Verm\u00f6gen in eine Stiftung einbringt, der m\u00f6chte es dauerhaft &#8211; auch nach seinem Tod &#8211; in sicheren H\u00e4nden wissen. Auf die Regionale Stiftung der LzO k\u00f6nnen Sie sich verlassen. Wir sind Mitglied im Bundesverband Deutscher Stiftungen und handeln bei s\u00e4mtlichen T\u00e4tigkeiten nach deren&nbsp;<a href=\"\/wp-content\/uploads\/2024\/04\/Grundsaetze-guter-Stiftungspraxis_2019.pdf\" target=\"_blank\" rel=\"noreferrer noopener\">\u201eGrunds\u00e4tzen f\u00fcr Qualit\u00e4t in der Stiftungsarbeit\u201c<\/a>&nbsp;. Ferner regelt unsere&nbsp;<a href=\"\/wp-content\/uploads\/2024\/06\/Satzung-Regionale-Stiftung-der-LzO-2024.pdf\" target=\"_blank\" rel=\"noreferrer noopener\">Stiftungssatzung<\/a>, dass die Verm\u00f6gensanlage den stiftungsspezifischen Anforderungen entspricht. Die \u00dcberwachung der Stiftungsgesch\u00e4fte obliegt neben unserem Kuratorium vor allem der zust\u00e4ndigen \u00f6rtlichen Stiftungsbeh\u00f6rde. In unserem Fall ist dies das Nieders\u00e4chsische Ministerium f\u00fcr Inneres und Sport. S\u00e4mtliche Verm\u00f6genswerte werden nach den Grunds\u00e4tzen dauerhafter Verm\u00f6gensanlagen eingesetzt.<\/p>\n\n\n\n<p><br>Zudem legen wir gro\u00dfen Wert auf Transparenz. Unsere Stifter erhalten deshalb j\u00e4hrlich einen \u00dcberblick \u00fcber den Verlauf ihres Stiftungsgesch\u00e4fts.<\/p>\n\n\n\n<figure class=\"wp-block-image size-full\"><img loading=\"lazy\" decoding=\"async\" width=\"247\" height=\"120\" src=\"https:\/\/lzo-regionalstiftung.com\/wp-content\/uploads\/2024\/05\/budesverband_dt_stiftungen.png\" alt=\"\" class=\"wp-image-203\"\/><\/figure>\n<\/div>\n<\/div>\n\n\n\n<div style=\"height:100px\" aria-hidden=\"true\" class=\"wp-block-spacer\"><\/div>\n","protected":false},"excerpt":{"rendered":"<p>WIR K\u00dcMMERN UNS UM DIE DETAILS \u2013&nbsp;JETZT UND IN ZUKUNFT Sie m\u00f6chten etwas Gutes f\u00fcr die Region tun und ben\u00f6tigen Unterst\u00fctzung? Sprechen Sie uns an! Gemeinsam mit externen Spezialisten, wie zum Beispiel Steuer- und Rechtsberatern, sind wir in vielf\u00e4ltiger Weise f\u00fcr Sie da und begleiten Sie von der Stiftungsidee bis zur Realisierung und dauerhaften Verwaltung. [&hellip;]<\/p>\n","protected":false},"author":1,"featured_media":0,"parent":0,"menu_order":0,"comment_status":"closed","ping_status":"closed","template":"","meta":{"footnotes":""},"class_list":["post-183","page","type-page","status-publish","hentry"],"yoast_head":"<!-- This site is optimized with the Yoast SEO plugin v27.5 - https:\/\/yoast.com\/product\/yoast-seo-wordpress\/ -->\n<title>Idee wird Wirklichkeit - Regionale Stiftung der Landessparkasse zu Oldenburg<\/title>\n<meta name=\"robots\" content=\"index, follow, max-snippet:-1, max-image-preview:large, max-video-preview:-1\" \/>\n<link rel=\"canonical\" href=\"https:\/\/lzo-regionalstiftung.com\/?page_id=183\" \/>\n<meta property=\"og:locale\" content=\"de_DE\" \/>\n<meta property=\"og:type\" content=\"article\" \/>\n<meta property=\"og:title\" content=\"Idee wird Wirklichkeit - Regionale Stiftung der Landessparkasse zu Oldenburg\" \/>\n<meta property=\"og:description\" content=\"WIR K\u00dcMMERN UNS UM DIE DETAILS \u2013&nbsp;JETZT UND IN ZUKUNFT Sie m\u00f6chten etwas Gutes f\u00fcr die Region tun und ben\u00f6tigen Unterst\u00fctzung? Sprechen Sie uns an! Gemeinsam mit externen Spezialisten, wie zum Beispiel Steuer- und Rechtsberatern, sind wir in vielf\u00e4ltiger Weise f\u00fcr Sie da und begleiten Sie von der Stiftungsidee bis zur Realisierung und dauerhaften Verwaltung. [&hellip;]\" \/>\n<meta property=\"og:url\" content=\"https:\/\/lzo-regionalstiftung.com\/?page_id=183\" \/>\n<meta property=\"og:site_name\" content=\"Regionale Stiftung der Landessparkasse zu Oldenburg\" \/>\n<meta property=\"article:modified_time\" content=\"2024-05-06T09:43:14+00:00\" \/>\n<meta property=\"og:image\" content=\"https:\/\/lzo-regionalstiftung.com\/wp-content\/uploads\/2024\/05\/Ballon.jpg\" \/>\n<meta name=\"twitter:card\" content=\"summary_large_image\" \/>\n<meta name=\"twitter:label1\" content=\"Gesch\u00e4tzte Lesezeit\" \/>\n\t<meta name=\"twitter:data1\" content=\"4\u00a0Minuten\" \/>\n<script type=\"application\/ld+json\" class=\"yoast-schema-graph\">{\"@context\":\"https:\\\/\\\/schema.org\",\"@graph\":[{\"@type\":\"WebPage\",\"@id\":\"https:\\\/\\\/lzo-regionalstiftung.com\\\/?page_id=183\",\"url\":\"https:\\\/\\\/lzo-regionalstiftung.com\\\/?page_id=183\",\"name\":\"Idee wird Wirklichkeit - Regionale Stiftung der Landessparkasse zu Oldenburg\",\"isPartOf\":{\"@id\":\"https:\\\/\\\/lzo-regionalstiftung.com\\\/#website\"},\"primaryImageOfPage\":{\"@id\":\"https:\\\/\\\/lzo-regionalstiftung.com\\\/?page_id=183#primaryimage\"},\"image\":{\"@id\":\"https:\\\/\\\/lzo-regionalstiftung.com\\\/?page_id=183#primaryimage\"},\"thumbnailUrl\":\"https:\\\/\\\/lzo-regionalstiftung.com\\\/wp-content\\\/uploads\\\/2024\\\/05\\\/Ballon.jpg\",\"datePublished\":\"2024-05-02T11:54:47+00:00\",\"dateModified\":\"2024-05-06T09:43:14+00:00\",\"breadcrumb\":{\"@id\":\"https:\\\/\\\/lzo-regionalstiftung.com\\\/?page_id=183#breadcrumb\"},\"inLanguage\":\"de\",\"potentialAction\":[{\"@type\":\"ReadAction\",\"target\":[\"https:\\\/\\\/lzo-regionalstiftung.com\\\/?page_id=183\"]}]},{\"@type\":\"ImageObject\",\"inLanguage\":\"de\",\"@id\":\"https:\\\/\\\/lzo-regionalstiftung.com\\\/?page_id=183#primaryimage\",\"url\":\"https:\\\/\\\/lzo-regionalstiftung.com\\\/wp-content\\\/uploads\\\/2024\\\/05\\\/Ballon.jpg\",\"contentUrl\":\"https:\\\/\\\/lzo-regionalstiftung.com\\\/wp-content\\\/uploads\\\/2024\\\/05\\\/Ballon.jpg\",\"width\":370,\"height\":275},{\"@type\":\"BreadcrumbList\",\"@id\":\"https:\\\/\\\/lzo-regionalstiftung.com\\\/?page_id=183#breadcrumb\",\"itemListElement\":[{\"@type\":\"ListItem\",\"position\":1,\"name\":\"Startseite\",\"item\":\"https:\\\/\\\/lzo-regionalstiftung.com\\\/\"},{\"@type\":\"ListItem\",\"position\":2,\"name\":\"Idee wird Wirklichkeit\"}]},{\"@type\":\"WebSite\",\"@id\":\"https:\\\/\\\/lzo-regionalstiftung.com\\\/#website\",\"url\":\"https:\\\/\\\/lzo-regionalstiftung.com\\\/\",\"name\":\"Regionale Stiftung der Landessparkasse zu Oldenburg\",\"description\":\"\",\"publisher\":{\"@id\":\"https:\\\/\\\/lzo-regionalstiftung.com\\\/#organization\"},\"potentialAction\":[{\"@type\":\"SearchAction\",\"target\":{\"@type\":\"EntryPoint\",\"urlTemplate\":\"https:\\\/\\\/lzo-regionalstiftung.com\\\/?s={search_term_string}\"},\"query-input\":{\"@type\":\"PropertyValueSpecification\",\"valueRequired\":true,\"valueName\":\"search_term_string\"}}],\"inLanguage\":\"de\"},{\"@type\":\"Organization\",\"@id\":\"https:\\\/\\\/lzo-regionalstiftung.com\\\/#organization\",\"name\":\"Regionale Stiftung der Landessparkasse zu Oldenburg\",\"url\":\"https:\\\/\\\/lzo-regionalstiftung.com\\\/\",\"logo\":{\"@type\":\"ImageObject\",\"inLanguage\":\"de\",\"@id\":\"https:\\\/\\\/lzo-regionalstiftung.com\\\/#\\\/schema\\\/logo\\\/image\\\/\",\"url\":\"https:\\\/\\\/lzo-regionalstiftung.com\\\/wp-content\\\/uploads\\\/2024\\\/04\\\/logo.gif\",\"contentUrl\":\"https:\\\/\\\/lzo-regionalstiftung.com\\\/wp-content\\\/uploads\\\/2024\\\/04\\\/logo.gif\",\"width\":210,\"height\":111,\"caption\":\"Regionale Stiftung der Landessparkasse zu Oldenburg\"},\"image\":{\"@id\":\"https:\\\/\\\/lzo-regionalstiftung.com\\\/#\\\/schema\\\/logo\\\/image\\\/\"}}]}<\/script>\n<!-- \/ Yoast SEO plugin. -->","yoast_head_json":{"title":"Idee wird Wirklichkeit - Regionale Stiftung der Landessparkasse zu Oldenburg","robots":{"index":"index","follow":"follow","max-snippet":"max-snippet:-1","max-image-preview":"max-image-preview:large","max-video-preview":"max-video-preview:-1"},"canonical":"https:\/\/lzo-regionalstiftung.com\/?page_id=183","og_locale":"de_DE","og_type":"article","og_title":"Idee wird Wirklichkeit - Regionale Stiftung der Landessparkasse zu Oldenburg","og_description":"WIR K\u00dcMMERN UNS UM DIE DETAILS \u2013&nbsp;JETZT UND IN ZUKUNFT Sie m\u00f6chten etwas Gutes f\u00fcr die Region tun und ben\u00f6tigen Unterst\u00fctzung? Sprechen Sie uns an! Gemeinsam mit externen Spezialisten, wie zum Beispiel Steuer- und Rechtsberatern, sind wir in vielf\u00e4ltiger Weise f\u00fcr Sie da und begleiten Sie von der Stiftungsidee bis zur Realisierung und dauerhaften Verwaltung. [&hellip;]","og_url":"https:\/\/lzo-regionalstiftung.com\/?page_id=183","og_site_name":"Regionale Stiftung der Landessparkasse zu Oldenburg","article_modified_time":"2024-05-06T09:43:14+00:00","og_image":[{"url":"https:\/\/lzo-regionalstiftung.com\/wp-content\/uploads\/2024\/05\/Ballon.jpg","type":"","width":"","height":""}],"twitter_card":"summary_large_image","twitter_misc":{"Gesch\u00e4tzte Lesezeit":"4\u00a0Minuten"},"schema":{"@context":"https:\/\/schema.org","@graph":[{"@type":"WebPage","@id":"https:\/\/lzo-regionalstiftung.com\/?page_id=183","url":"https:\/\/lzo-regionalstiftung.com\/?page_id=183","name":"Idee wird Wirklichkeit - Regionale Stiftung der Landessparkasse zu Oldenburg","isPartOf":{"@id":"https:\/\/lzo-regionalstiftung.com\/#website"},"primaryImageOfPage":{"@id":"https:\/\/lzo-regionalstiftung.com\/?page_id=183#primaryimage"},"image":{"@id":"https:\/\/lzo-regionalstiftung.com\/?page_id=183#primaryimage"},"thumbnailUrl":"https:\/\/lzo-regionalstiftung.com\/wp-content\/uploads\/2024\/05\/Ballon.jpg","datePublished":"2024-05-02T11:54:47+00:00","dateModified":"2024-05-06T09:43:14+00:00","breadcrumb":{"@id":"https:\/\/lzo-regionalstiftung.com\/?page_id=183#breadcrumb"},"inLanguage":"de","potentialAction":[{"@type":"ReadAction","target":["https:\/\/lzo-regionalstiftung.com\/?page_id=183"]}]},{"@type":"ImageObject","inLanguage":"de","@id":"https:\/\/lzo-regionalstiftung.com\/?page_id=183#primaryimage","url":"https:\/\/lzo-regionalstiftung.com\/wp-content\/uploads\/2024\/05\/Ballon.jpg","contentUrl":"https:\/\/lzo-regionalstiftung.com\/wp-content\/uploads\/2024\/05\/Ballon.jpg","width":370,"height":275},{"@type":"BreadcrumbList","@id":"https:\/\/lzo-regionalstiftung.com\/?page_id=183#breadcrumb","itemListElement":[{"@type":"ListItem","position":1,"name":"Startseite","item":"https:\/\/lzo-regionalstiftung.com\/"},{"@type":"ListItem","position":2,"name":"Idee wird Wirklichkeit"}]},{"@type":"WebSite","@id":"https:\/\/lzo-regionalstiftung.com\/#website","url":"https:\/\/lzo-regionalstiftung.com\/","name":"Regionale Stiftung der Landessparkasse zu Oldenburg","description":"","publisher":{"@id":"https:\/\/lzo-regionalstiftung.com\/#organization"},"potentialAction":[{"@type":"SearchAction","target":{"@type":"EntryPoint","urlTemplate":"https:\/\/lzo-regionalstiftung.com\/?s={search_term_string}"},"query-input":{"@type":"PropertyValueSpecification","valueRequired":true,"valueName":"search_term_string"}}],"inLanguage":"de"},{"@type":"Organization","@id":"https:\/\/lzo-regionalstiftung.com\/#organization","name":"Regionale Stiftung der Landessparkasse zu Oldenburg","url":"https:\/\/lzo-regionalstiftung.com\/","logo":{"@type":"ImageObject","inLanguage":"de","@id":"https:\/\/lzo-regionalstiftung.com\/#\/schema\/logo\/image\/","url":"https:\/\/lzo-regionalstiftung.com\/wp-content\/uploads\/2024\/04\/logo.gif","contentUrl":"https:\/\/lzo-regionalstiftung.com\/wp-content\/uploads\/2024\/04\/logo.gif","width":210,"height":111,"caption":"Regionale Stiftung der Landessparkasse zu Oldenburg"},"image":{"@id":"https:\/\/lzo-regionalstiftung.com\/#\/schema\/logo\/image\/"}}]}},"_links":{"self":[{"href":"https:\/\/lzo-regionalstiftung.com\/index.php?rest_route=\/wp\/v2\/pages\/183","targetHints":{"allow":["GET"]}}],"collection":[{"href":"https:\/\/lzo-regionalstiftung.com\/index.php?rest_route=\/wp\/v2\/pages"}],"about":[{"href":"https:\/\/lzo-regionalstiftung.com\/index.php?rest_route=\/wp\/v2\/types\/page"}],"author":[{"embeddable":true,"href":"https:\/\/lzo-regionalstiftung.com\/index.php?rest_route=\/wp\/v2\/users\/1"}],"replies":[{"embeddable":true,"href":"https:\/\/lzo-regionalstiftung.com\/index.php?rest_route=%2Fwp%2Fv2%2Fcomments&post=183"}],"version-history":[{"count":5,"href":"https:\/\/lzo-regionalstiftung.com\/index.php?rest_route=\/wp\/v2\/pages\/183\/revisions"}],"predecessor-version":[{"id":275,"href":"https:\/\/lzo-regionalstiftung.com\/index.php?rest_route=\/wp\/v2\/pages\/183\/revisions\/275"}],"wp:attachment":[{"href":"https:\/\/lzo-regionalstiftung.com\/index.php?rest_route=%2Fwp%2Fv2%2Fmedia&parent=183"}],"curies":[{"name":"wp","href":"https:\/\/api.w.org\/{rel}","templated":true}]}}