{"id":185,"date":"2024-05-02T11:55:06","date_gmt":"2024-05-02T11:55:06","guid":{"rendered":"https:\/\/lzo-regionalstiftung.com\/?page_id=185"},"modified":"2024-05-06T09:43:39","modified_gmt":"2024-05-06T09:43:39","slug":"stiften-und-steuern","status":"publish","type":"page","link":"https:\/\/lzo-regionalstiftung.com\/?page_id=185","title":{"rendered":"Stiften und Steuern"},"content":{"rendered":"\n<div class=\"wp-block-columns is-layout-flex wp-container-core-columns-is-layout-28f84493 wp-block-columns-is-layout-flex\">\n<div class=\"wp-block-column is-layout-flow wp-block-column-is-layout-flow\" style=\"flex-basis:25%\">\n<div class=\"wp-block-group noUnderline has-global-padding is-layout-constrained wp-block-group-is-layout-constrained\">\n<div class=\"wp-block-group has-text-color has-background has-link-color has-small-font-size wp-elements-0cc22b5206708b8d436410b356f05072 has-global-padding is-layout-constrained wp-container-core-group-is-layout-86dba5ee wp-block-group-is-layout-constrained\" style=\"border-radius:10px;color:#535353;background-color:#eaeef0;padding-top:var(--wp--preset--spacing--10);padding-right:var(--wp--preset--spacing--10);padding-bottom:var(--wp--preset--spacing--10);padding-left:var(--wp--preset--spacing--10)\">\n<p class=\"zielWege has-medium-font-size\"><a href=\"https:\/\/lzo-regionalstiftung.com\/?page_id=178\">Ein Ziel &#8211; vier Wege<\/a><\/p>\n\n\n\n<p class=\"sinnZweck has-medium-font-size\"><a href=\"https:\/\/lzo-regionalstiftung.com\/?page_id=181\">Sinn und Zweck<\/a><\/p>\n\n\n\n<p class=\"ideeWirklichkeit has-medium-font-size\"><a href=\"https:\/\/lzo-regionalstiftung.com\/?page_id=183\">Idee wird Wirklichkeit<\/a><\/p>\n\n\n\n<p class=\"stiftenSteuern has-medium-font-size\"><a href=\"https:\/\/lzo-regionalstiftung.com\/?page_id=185\">Stiften und Steuern<\/a><\/p>\n<\/div>\n\n\n\n<div class=\"wp-block-group has-text-color has-background has-link-color has-small-font-size wp-elements-7bf590fb5114e022034e2cd93dcde214 has-global-padding is-layout-constrained wp-container-core-group-is-layout-86dba5ee wp-block-group-is-layout-constrained\" style=\"border-radius:10px;color:#535353;background-color:#eaeef0;padding-top:var(--wp--preset--spacing--10);padding-right:var(--wp--preset--spacing--10);padding-bottom:var(--wp--preset--spacing--10);padding-left:var(--wp--preset--spacing--10)\">\n<p class=\"has-medium-font-size\"><strong>pdf-Download<\/strong><\/p>\n\n\n\n<p class=\"has-medium-font-size\"><a href=\"\/wp-content\/uploads\/2024\/06\/Satzung-Regionale-Stiftung-der-LzO-2024.pdf\" target=\"_blank\" rel=\"noreferrer noopener\">Satzung<\/a><\/p>\n\n\n\n<p class=\"has-medium-font-size\"><a href=\"https:\/\/lzo-regionalstiftung.com\/wp-content\/uploads\/2025\/07\/Foerderrichtlinien25.pdf\" target=\"_blank\" rel=\"noreferrer noopener\">F\u00f6rderrichtlinie<\/a><\/p>\n\n\n\n<p class=\"has-medium-font-size\"><a href=\"\/wp-content\/uploads\/2024\/04\/foerderantrag.pdf\" target=\"_blank\" rel=\"noreferrer noopener\">F\u00f6rderantrag<\/a><\/p>\n\n\n\n<p class=\"has-medium-font-size\"><a href=\"\/wp-content\/uploads\/2024\/04\/finanzierungsplan.pdf\" target=\"_blank\" rel=\"noreferrer noopener\">Finanzierungsplan<\/a><\/p>\n\n\n\n<p class=\"has-medium-font-size\"><a href=\"\/wp-content\/uploads\/2024\/04\/Grundsaetze-guter-Stiftungspraxis_2019.pdf\" target=\"_blank\" rel=\"noreferrer noopener\">Grunds\u00e4tze Guter Stiftungspraxis<\/a><\/p>\n\n\n\n<p class=\"has-medium-font-size\"><a href=\"\/wp-content\/uploads\/2024\/04\/Grundsaetze-guter-Stiftungspraxis-Aenderungen_2019.pdf\" target=\"_blank\" rel=\"noreferrer noopener\">Erg\u00e4nzte Passagen<\/a><\/p>\n<\/div>\n<\/div>\n\n\n\n<style>\n.stiftenSteuern a {\n    color: #d4000f;\n    font-weight: bold;\n}\n<\/style>\n<\/div>\n\n\n\n<div class=\"wp-block-column is-layout-flow wp-block-column-is-layout-flow\" style=\"flex-basis:75%\">\n<h1 class=\"wp-block-heading\">VIELES SPRICHT F\u00dcRS STIFTEN \u2013&nbsp;AUCH DIE STEUERVORTEILE<\/h1>\n\n\n\n<p>Wer Gutes tut, wird vom Staat mit umfangreichen steuerlichen Verg\u00fcnstigungen belohnt. Hier ein kurzer \u00dcberblick, in wieweit Sie Zuwendungen an eine gemeinn\u00fctzige Stiftung als Sonderausgaben deklarieren und damit steuerliche Ersparnisse geltend machen k\u00f6nnen:<\/p>\n\n\n\n<h2 class=\"wp-block-heading\">Stiftungsgr\u00fcndung\/Zustiftungen<\/h2>\n\n\n\n<p>F\u00fcr Zuwendungen in das Grundstockverm\u00f6gen einer Stiftung, die von der Finanzverwaltung als steuerbeg\u00fcnstigte K\u00f6rperschaft anerkannt wurde, gilt ein Sonderausgabenabzug von bis zu 1 Million Euro. Dieser Betrag kann \u00fcber 10 Jahre verteilt abgesetzt werden. Er gilt auch f\u00fcr Zustiftungen, die nach Ablauf des Gr\u00fcndungsjahrs erfolgen, wenn die Zuwendungen in das Grundstockverm\u00f6gen der Stiftung geleistet werden.&nbsp;<\/p>\n\n\n\n<p>M\u00f6chten Ehepaare eine Stiftung gr\u00fcnden oder eine Zustiftung leisten, steht jedem Ehepartner der H\u00f6chstbetrag von 1 Million Euro einzeln zu, unabh\u00e4ngig davon, ob sie zusammen oder getrennt veranlagt werden, wenn beide als Spender auftreten.<\/p>\n\n\n\n<h2 class=\"wp-block-heading\">Spenden<\/h2>\n\n\n\n<p>Die H\u00f6chstgrenze f\u00fcr den Spendenabzug betr\u00e4gt 20 Prozent des Gesamtbetrags der Eink\u00fcnfte f\u00fcr alle f\u00f6rderungsw\u00fcrdigen Zwecke und ist zeitlich unbegrenzt vortragsf\u00e4hig. Dies ist vor allem dann von Vorteil, wenn eine Spende in einem Jahr mit geringen Eink\u00fcnften geleistet wurde. Unternehmen, Gewerbebetreibende sowie Angeh\u00f6rige der freien Berufe haben alternativ die M\u00f6glichkeit, entweder 20 Prozent des Gesamtbetrags ihrer Eink\u00fcnfte oder 4 Promille der Summe des Gesamtumsatzes zuz\u00fcglich der im Kalenderjahr aufgewendeten L\u00f6hne und Geh\u00e4lter als Sonderausgaben geltend zu machen. Bei Personengesellschaften sind die individuellen Verh\u00e4ltnisse der Mitunternehmer ma\u00dfgebend.<\/p>\n\n\n\n<div class=\"wp-block-group has-accent-5-background-color has-background has-global-padding is-layout-constrained wp-container-core-group-is-layout-f0a9743d wp-block-group-is-layout-constrained\" style=\"border-radius:10px;padding-top:var(--wp--preset--spacing--10);padding-right:var(--wp--preset--spacing--30);padding-bottom:var(--wp--preset--spacing--10);padding-left:var(--wp--preset--spacing--30)\">\n<p>\u00dcbrigens: Sowohl f\u00fcr Ihre Spende als auch Zustiftung erhalten Sie von uns unaufgefordert eine Spendenquittung. Bitte nennen Sie uns hierzu Ihre Anschrift in der \u00dcberweisung.<\/p>\n<\/div>\n\n\n\n<h2 class=\"wp-block-heading\">Einkommenssteuervorauszahlung<\/h2>\n\n\n\n<p>\u00dcber eine Eintragung der Sonderausgaben in der Lohnsteuerkarte ist es denkbar, die Einkommen- steuervorauszahlung zu k\u00fcrzen.<\/p>\n\n\n\n<h2 class=\"wp-block-heading\">Erbschafts- und Schenkungssteuer entf\u00e4llt<\/h2>\n\n\n\n<p>Stiftungszuwendungen in den Verm\u00f6gensstock der Regionalen Stiftung der LzO unterliegen nicht der Erbschafts- bzw. Schenkungssteuer, da die Stiftung gem\u00e4\u00df ihrer Satzung ausschlie\u00dflich gemeinn\u00fctzige und mildt\u00e4tige Zwecke f\u00f6rdert. Und auch die zuk\u00fcnftig zu erzielenden Ertr\u00e4ge der Stiftung sind im Rahmen der Verm\u00f6gensverwaltung steuerfrei.<\/p>\n\n\n\n<h2 class=\"wp-block-heading\">Beispiel<\/h2>\n\n\n\n<p>Beide Ehegatten eines kinderlosen Ehepaars haben jeweils einen konstanten Gesamtbetrag der Eink\u00fcnfte von 75.000 Euro und verf\u00fcgen \u00fcber eigene Ersparnisse. Das Ehepaar \u00fcberlegt, unter dem Dach der Regionalen Stiftung der LzO einen Stiftungsfonds zu errichten. Folgende Betr\u00e4ge k\u00f6nnen sie \u00fcber einen Betrachtungszeitraum von 10 Jahren als Sonderausgaben in Abzug bringen:<\/p>\n\n\n\n<div class=\"wp-block-group has-accent-5-background-color has-background has-global-padding is-layout-constrained wp-container-core-group-is-layout-f0a9743d wp-block-group-is-layout-constrained\" style=\"border-radius:10px;padding-top:var(--wp--preset--spacing--10);padding-right:var(--wp--preset--spacing--30);padding-bottom:var(--wp--preset--spacing--10);padding-left:var(--wp--preset--spacing--30)\">\n<div class=\"wp-block-columns is-layout-flex wp-container-core-columns-is-layout-28f84493 wp-block-columns-is-layout-flex\">\n<div class=\"wp-block-column is-layout-flow wp-block-column-is-layout-flow\">\n<p><strong>Normaler Spendenabzug&nbsp;<\/strong><\/p>\n\n\n\n<p>j\u00e4hrlich 15.000 Euro (20 % von 75.000 Euro)&nbsp;<\/p>\n\n\n\n<p>pro Ehegatte = 30.000 Euro&nbsp;<\/p>\n\n\n\n<p>x 10 Jahre = 300.000 Euro<\/p>\n<\/div>\n\n\n\n<div class=\"wp-block-column is-layout-flow wp-block-column-is-layout-flow\">\n<p><strong>Stiftungsgr\u00fcndung\/Zustiftung&nbsp;<\/strong><\/p>\n\n\n\n<p>einmalig im Zehnjahreszeitraum 1 Mio. Euro&nbsp;<\/p>\n\n\n\n<p>pro Ehegatte = 2 Mio. Euro<\/p>\n<\/div>\n<\/div>\n\n\n\n<p>Somit k\u00f6nnen beide Eheleute zusammen innerhalb von 10 Jahren einen Sonderausgabenabzug von 2.300.000 Euro geltend machen.<\/p>\n<\/div>\n\n\n\n<p>Die vorstehenden Aussagen zu den steuerlichen Auswirkungen h\u00e4ngen direkt von den individuellen Verh\u00e4ltnissen ab und k\u00f6nnen daher keine steuerliche Beratung ersetzen. Aus diesem Grund und wegen der stetigen \u00c4nderungen im Steuerrecht empfehlen wir die gesonderte Pr\u00fcfung der Auswirkungen in jedem Einzelfall durch einen steuerlichen Berater.<\/p>\n\n\n\n<p><\/p>\n\n\n\n<p><\/p>\n\n\n\n<p>Stand 1. August 2014&nbsp;<\/p>\n<\/div>\n<\/div>\n\n\n\n<div style=\"height:100px\" aria-hidden=\"true\" class=\"wp-block-spacer\"><\/div>\n","protected":false},"excerpt":{"rendered":"<p>VIELES SPRICHT F\u00dcRS STIFTEN \u2013&nbsp;AUCH DIE STEUERVORTEILE Wer Gutes tut, wird vom Staat mit umfangreichen steuerlichen Verg\u00fcnstigungen belohnt. Hier ein kurzer \u00dcberblick, in wieweit Sie Zuwendungen an eine gemeinn\u00fctzige Stiftung als Sonderausgaben deklarieren und damit steuerliche Ersparnisse geltend machen k\u00f6nnen: Stiftungsgr\u00fcndung\/Zustiftungen F\u00fcr Zuwendungen in das Grundstockverm\u00f6gen einer Stiftung, die von der Finanzverwaltung als steuerbeg\u00fcnstigte K\u00f6rperschaft [&hellip;]<\/p>\n","protected":false},"author":1,"featured_media":0,"parent":0,"menu_order":0,"comment_status":"closed","ping_status":"closed","template":"","meta":{"footnotes":""},"class_list":["post-185","page","type-page","status-publish","hentry"],"yoast_head":"<!-- This site is optimized with the Yoast SEO plugin v27.4 - https:\/\/yoast.com\/product\/yoast-seo-wordpress\/ -->\n<title>Stiften und Steuern - Regionale Stiftung der Landessparkasse zu Oldenburg<\/title>\n<meta name=\"robots\" content=\"index, follow, max-snippet:-1, max-image-preview:large, max-video-preview:-1\" \/>\n<link rel=\"canonical\" href=\"https:\/\/lzo-regionalstiftung.com\/?page_id=185\" \/>\n<meta property=\"og:locale\" content=\"de_DE\" \/>\n<meta property=\"og:type\" content=\"article\" \/>\n<meta property=\"og:title\" content=\"Stiften und Steuern - Regionale Stiftung der Landessparkasse zu Oldenburg\" \/>\n<meta property=\"og:description\" content=\"VIELES SPRICHT F\u00dcRS STIFTEN \u2013&nbsp;AUCH DIE STEUERVORTEILE Wer Gutes tut, wird vom Staat mit umfangreichen steuerlichen Verg\u00fcnstigungen belohnt. Hier ein kurzer \u00dcberblick, in wieweit Sie Zuwendungen an eine gemeinn\u00fctzige Stiftung als Sonderausgaben deklarieren und damit steuerliche Ersparnisse geltend machen k\u00f6nnen: Stiftungsgr\u00fcndung\/Zustiftungen F\u00fcr Zuwendungen in das Grundstockverm\u00f6gen einer Stiftung, die von der Finanzverwaltung als steuerbeg\u00fcnstigte K\u00f6rperschaft [&hellip;]\" \/>\n<meta property=\"og:url\" content=\"https:\/\/lzo-regionalstiftung.com\/?page_id=185\" \/>\n<meta property=\"og:site_name\" content=\"Regionale Stiftung der Landessparkasse zu Oldenburg\" \/>\n<meta property=\"article:modified_time\" content=\"2024-05-06T09:43:39+00:00\" \/>\n<meta name=\"twitter:card\" content=\"summary_large_image\" \/>\n<meta name=\"twitter:label1\" content=\"Gesch\u00e4tzte Lesezeit\" \/>\n\t<meta name=\"twitter:data1\" content=\"6\u00a0Minuten\" \/>\n<script type=\"application\/ld+json\" class=\"yoast-schema-graph\">{\"@context\":\"https:\\\/\\\/schema.org\",\"@graph\":[{\"@type\":\"WebPage\",\"@id\":\"https:\\\/\\\/lzo-regionalstiftung.com\\\/?page_id=185\",\"url\":\"https:\\\/\\\/lzo-regionalstiftung.com\\\/?page_id=185\",\"name\":\"Stiften und Steuern - Regionale Stiftung der Landessparkasse zu Oldenburg\",\"isPartOf\":{\"@id\":\"https:\\\/\\\/lzo-regionalstiftung.com\\\/#website\"},\"datePublished\":\"2024-05-02T11:55:06+00:00\",\"dateModified\":\"2024-05-06T09:43:39+00:00\",\"breadcrumb\":{\"@id\":\"https:\\\/\\\/lzo-regionalstiftung.com\\\/?page_id=185#breadcrumb\"},\"inLanguage\":\"de\",\"potentialAction\":[{\"@type\":\"ReadAction\",\"target\":[\"https:\\\/\\\/lzo-regionalstiftung.com\\\/?page_id=185\"]}]},{\"@type\":\"BreadcrumbList\",\"@id\":\"https:\\\/\\\/lzo-regionalstiftung.com\\\/?page_id=185#breadcrumb\",\"itemListElement\":[{\"@type\":\"ListItem\",\"position\":1,\"name\":\"Startseite\",\"item\":\"https:\\\/\\\/lzo-regionalstiftung.com\\\/\"},{\"@type\":\"ListItem\",\"position\":2,\"name\":\"Stiften und Steuern\"}]},{\"@type\":\"WebSite\",\"@id\":\"https:\\\/\\\/lzo-regionalstiftung.com\\\/#website\",\"url\":\"https:\\\/\\\/lzo-regionalstiftung.com\\\/\",\"name\":\"Regionale Stiftung der Landessparkasse zu Oldenburg\",\"description\":\"\",\"publisher\":{\"@id\":\"https:\\\/\\\/lzo-regionalstiftung.com\\\/#organization\"},\"potentialAction\":[{\"@type\":\"SearchAction\",\"target\":{\"@type\":\"EntryPoint\",\"urlTemplate\":\"https:\\\/\\\/lzo-regionalstiftung.com\\\/?s={search_term_string}\"},\"query-input\":{\"@type\":\"PropertyValueSpecification\",\"valueRequired\":true,\"valueName\":\"search_term_string\"}}],\"inLanguage\":\"de\"},{\"@type\":\"Organization\",\"@id\":\"https:\\\/\\\/lzo-regionalstiftung.com\\\/#organization\",\"name\":\"Regionale Stiftung der Landessparkasse zu Oldenburg\",\"url\":\"https:\\\/\\\/lzo-regionalstiftung.com\\\/\",\"logo\":{\"@type\":\"ImageObject\",\"inLanguage\":\"de\",\"@id\":\"https:\\\/\\\/lzo-regionalstiftung.com\\\/#\\\/schema\\\/logo\\\/image\\\/\",\"url\":\"https:\\\/\\\/lzo-regionalstiftung.com\\\/wp-content\\\/uploads\\\/2024\\\/04\\\/logo.gif\",\"contentUrl\":\"https:\\\/\\\/lzo-regionalstiftung.com\\\/wp-content\\\/uploads\\\/2024\\\/04\\\/logo.gif\",\"width\":210,\"height\":111,\"caption\":\"Regionale Stiftung der Landessparkasse zu Oldenburg\"},\"image\":{\"@id\":\"https:\\\/\\\/lzo-regionalstiftung.com\\\/#\\\/schema\\\/logo\\\/image\\\/\"}}]}<\/script>\n<!-- \/ Yoast SEO plugin. -->","yoast_head_json":{"title":"Stiften und Steuern - Regionale Stiftung der Landessparkasse zu Oldenburg","robots":{"index":"index","follow":"follow","max-snippet":"max-snippet:-1","max-image-preview":"max-image-preview:large","max-video-preview":"max-video-preview:-1"},"canonical":"https:\/\/lzo-regionalstiftung.com\/?page_id=185","og_locale":"de_DE","og_type":"article","og_title":"Stiften und Steuern - Regionale Stiftung der Landessparkasse zu Oldenburg","og_description":"VIELES SPRICHT F\u00dcRS STIFTEN \u2013&nbsp;AUCH DIE STEUERVORTEILE Wer Gutes tut, wird vom Staat mit umfangreichen steuerlichen Verg\u00fcnstigungen belohnt. Hier ein kurzer \u00dcberblick, in wieweit Sie Zuwendungen an eine gemeinn\u00fctzige Stiftung als Sonderausgaben deklarieren und damit steuerliche Ersparnisse geltend machen k\u00f6nnen: Stiftungsgr\u00fcndung\/Zustiftungen F\u00fcr Zuwendungen in das Grundstockverm\u00f6gen einer Stiftung, die von der Finanzverwaltung als steuerbeg\u00fcnstigte K\u00f6rperschaft [&hellip;]","og_url":"https:\/\/lzo-regionalstiftung.com\/?page_id=185","og_site_name":"Regionale Stiftung der Landessparkasse zu Oldenburg","article_modified_time":"2024-05-06T09:43:39+00:00","twitter_card":"summary_large_image","twitter_misc":{"Gesch\u00e4tzte Lesezeit":"6\u00a0Minuten"},"schema":{"@context":"https:\/\/schema.org","@graph":[{"@type":"WebPage","@id":"https:\/\/lzo-regionalstiftung.com\/?page_id=185","url":"https:\/\/lzo-regionalstiftung.com\/?page_id=185","name":"Stiften und Steuern - Regionale Stiftung der Landessparkasse zu Oldenburg","isPartOf":{"@id":"https:\/\/lzo-regionalstiftung.com\/#website"},"datePublished":"2024-05-02T11:55:06+00:00","dateModified":"2024-05-06T09:43:39+00:00","breadcrumb":{"@id":"https:\/\/lzo-regionalstiftung.com\/?page_id=185#breadcrumb"},"inLanguage":"de","potentialAction":[{"@type":"ReadAction","target":["https:\/\/lzo-regionalstiftung.com\/?page_id=185"]}]},{"@type":"BreadcrumbList","@id":"https:\/\/lzo-regionalstiftung.com\/?page_id=185#breadcrumb","itemListElement":[{"@type":"ListItem","position":1,"name":"Startseite","item":"https:\/\/lzo-regionalstiftung.com\/"},{"@type":"ListItem","position":2,"name":"Stiften und Steuern"}]},{"@type":"WebSite","@id":"https:\/\/lzo-regionalstiftung.com\/#website","url":"https:\/\/lzo-regionalstiftung.com\/","name":"Regionale Stiftung der Landessparkasse zu Oldenburg","description":"","publisher":{"@id":"https:\/\/lzo-regionalstiftung.com\/#organization"},"potentialAction":[{"@type":"SearchAction","target":{"@type":"EntryPoint","urlTemplate":"https:\/\/lzo-regionalstiftung.com\/?s={search_term_string}"},"query-input":{"@type":"PropertyValueSpecification","valueRequired":true,"valueName":"search_term_string"}}],"inLanguage":"de"},{"@type":"Organization","@id":"https:\/\/lzo-regionalstiftung.com\/#organization","name":"Regionale Stiftung der Landessparkasse zu Oldenburg","url":"https:\/\/lzo-regionalstiftung.com\/","logo":{"@type":"ImageObject","inLanguage":"de","@id":"https:\/\/lzo-regionalstiftung.com\/#\/schema\/logo\/image\/","url":"https:\/\/lzo-regionalstiftung.com\/wp-content\/uploads\/2024\/04\/logo.gif","contentUrl":"https:\/\/lzo-regionalstiftung.com\/wp-content\/uploads\/2024\/04\/logo.gif","width":210,"height":111,"caption":"Regionale Stiftung der Landessparkasse zu Oldenburg"},"image":{"@id":"https:\/\/lzo-regionalstiftung.com\/#\/schema\/logo\/image\/"}}]}},"_links":{"self":[{"href":"https:\/\/lzo-regionalstiftung.com\/index.php?rest_route=\/wp\/v2\/pages\/185","targetHints":{"allow":["GET"]}}],"collection":[{"href":"https:\/\/lzo-regionalstiftung.com\/index.php?rest_route=\/wp\/v2\/pages"}],"about":[{"href":"https:\/\/lzo-regionalstiftung.com\/index.php?rest_route=\/wp\/v2\/types\/page"}],"author":[{"embeddable":true,"href":"https:\/\/lzo-regionalstiftung.com\/index.php?rest_route=\/wp\/v2\/users\/1"}],"replies":[{"embeddable":true,"href":"https:\/\/lzo-regionalstiftung.com\/index.php?rest_route=%2Fwp%2Fv2%2Fcomments&post=185"}],"version-history":[{"count":4,"href":"https:\/\/lzo-regionalstiftung.com\/index.php?rest_route=\/wp\/v2\/pages\/185\/revisions"}],"predecessor-version":[{"id":276,"href":"https:\/\/lzo-regionalstiftung.com\/index.php?rest_route=\/wp\/v2\/pages\/185\/revisions\/276"}],"wp:attachment":[{"href":"https:\/\/lzo-regionalstiftung.com\/index.php?rest_route=%2Fwp%2Fv2%2Fmedia&parent=185"}],"curies":[{"name":"wp","href":"https:\/\/api.w.org\/{rel}","templated":true}]}}