{"id":195,"date":"2024-05-02T12:09:53","date_gmt":"2024-05-02T12:09:53","guid":{"rendered":"https:\/\/lzo-regionalstiftung.com\/?page_id=195"},"modified":"2024-05-02T12:09:54","modified_gmt":"2024-05-02T12:09:54","slug":"beispiele","status":"publish","type":"page","link":"https:\/\/lzo-regionalstiftung.com\/?page_id=195","title":{"rendered":"Beispiele"},"content":{"rendered":"\n<div class=\"wp-block-columns is-layout-flex wp-container-core-columns-is-layout-28f84493 wp-block-columns-is-layout-flex\">\n<div class=\"wp-block-column is-layout-flow wp-block-column-is-layout-flow\" style=\"flex-basis:25%\">\n<div class=\"wp-block-group noUnderline has-global-padding is-layout-constrained wp-block-group-is-layout-constrained\">\n<div class=\"wp-block-group has-text-color has-background has-link-color has-small-font-size wp-elements-0cc22b5206708b8d436410b356f05072 has-global-padding is-layout-constrained wp-container-core-group-is-layout-86dba5ee wp-block-group-is-layout-constrained\" style=\"border-radius:10px;color:#535353;background-color:#eaeef0;padding-top:var(--wp--preset--spacing--10);padding-right:var(--wp--preset--spacing--10);padding-bottom:var(--wp--preset--spacing--10);padding-left:var(--wp--preset--spacing--10)\">\n<p class=\"zielWege has-medium-font-size\"><a href=\"https:\/\/lzo-regionalstiftung.com\/?page_id=178\">Ein Ziel &#8211; vier Wege<\/a><\/p>\n\n\n\n<p class=\"sinnZweck has-medium-font-size\"><a href=\"https:\/\/lzo-regionalstiftung.com\/?page_id=181\">Sinn und Zweck<\/a><\/p>\n\n\n\n<p class=\"ideeWirklichkeit has-medium-font-size\"><a href=\"https:\/\/lzo-regionalstiftung.com\/?page_id=183\">Idee wird Wirklichkeit<\/a><\/p>\n\n\n\n<p class=\"stiftenSteuern has-medium-font-size\"><a href=\"https:\/\/lzo-regionalstiftung.com\/?page_id=185\">Stiften und Steuern<\/a><\/p>\n<\/div>\n\n\n\n<div class=\"wp-block-group has-text-color has-background has-link-color has-small-font-size wp-elements-7bf590fb5114e022034e2cd93dcde214 has-global-padding is-layout-constrained wp-container-core-group-is-layout-86dba5ee wp-block-group-is-layout-constrained\" style=\"border-radius:10px;color:#535353;background-color:#eaeef0;padding-top:var(--wp--preset--spacing--10);padding-right:var(--wp--preset--spacing--10);padding-bottom:var(--wp--preset--spacing--10);padding-left:var(--wp--preset--spacing--10)\">\n<p class=\"has-medium-font-size\"><strong>pdf-Download<\/strong><\/p>\n\n\n\n<p class=\"has-medium-font-size\"><a href=\"\/wp-content\/uploads\/2024\/06\/Satzung-Regionale-Stiftung-der-LzO-2024.pdf\" target=\"_blank\" rel=\"noreferrer noopener\">Satzung<\/a><\/p>\n\n\n\n<p class=\"has-medium-font-size\"><a href=\"https:\/\/lzo-regionalstiftung.com\/wp-content\/uploads\/2025\/07\/Foerderrichtlinien25.pdf\" target=\"_blank\" rel=\"noreferrer noopener\">F\u00f6rderrichtlinie<\/a><\/p>\n\n\n\n<p class=\"has-medium-font-size\"><a href=\"\/wp-content\/uploads\/2024\/04\/foerderantrag.pdf\" target=\"_blank\" rel=\"noreferrer noopener\">F\u00f6rderantrag<\/a><\/p>\n\n\n\n<p class=\"has-medium-font-size\"><a href=\"\/wp-content\/uploads\/2024\/04\/finanzierungsplan.pdf\" target=\"_blank\" rel=\"noreferrer noopener\">Finanzierungsplan<\/a><\/p>\n\n\n\n<p class=\"has-medium-font-size\"><a href=\"\/wp-content\/uploads\/2024\/04\/Grundsaetze-guter-Stiftungspraxis_2019.pdf\" target=\"_blank\" rel=\"noreferrer noopener\">Grunds\u00e4tze Guter Stiftungspraxis<\/a><\/p>\n\n\n\n<p class=\"has-medium-font-size\"><a href=\"\/wp-content\/uploads\/2024\/04\/Grundsaetze-guter-Stiftungspraxis-Aenderungen_2019.pdf\" target=\"_blank\" rel=\"noreferrer noopener\">Erg\u00e4nzte Passagen<\/a><\/p>\n<\/div>\n<\/div>\n<\/div>\n\n\n\n<div class=\"wp-block-column is-layout-flow wp-block-column-is-layout-flow\" style=\"flex-basis:75%\">\n<h1 class=\"wp-block-heading\">BEISPIELE AUS DER PRAXIS<\/h1>\n\n\n\n<p>Mit der Gr\u00fcndung der Regionalen Stiftung im Jahr 2006 hat die LzO eine Basis geschaffen, die es Menschen erm\u00f6glicht, stifterisch Gutes zu tun und damit nachhaltige und ganz pers\u00f6nliche Akzente vor Ort zu setzen.<\/p>\n\n\n\n<div class=\"wp-block-columns is-layout-flex wp-container-core-columns-is-layout-28f84493 wp-block-columns-is-layout-flex\">\n<div class=\"wp-block-column is-layout-flow wp-block-column-is-layout-flow\">\n<h3 class=\"wp-block-heading\">Gesicherte Zukunft f\u00fcr den Naturschutz<\/h3>\n\n\n\n<p>1925 gr\u00fcndete sich die Naturschutz- und Forschungsgemeinschaft Mellumrat e. V. Der Verein ist einer der \u00e4ltesten ehrenamtlich t\u00e4tigen Naturschutzverb\u00e4nde im Oldenburger Land. Seit damals setzen sich Tausende freiwillige Helfer und Mitarbeiter f\u00fcr die Insel Mellum und andere Naturschutzgebiete in der Region ein. Sie alle leisten Basisarbeit im Naturschutz \u2013 insbesondere im Weltnaturerbe Nationalpark Nieders\u00e4chsisches Wattenmeer. Ziel des Vereins ist es, durch Schutz und Forschung die Natur und ihre Artenvielfalt zu bewahren.<\/p>\n<\/div>\n\n\n\n<div class=\"wp-block-column is-layout-flow wp-block-column-is-layout-flow\">\n<figure class=\"wp-block-image size-full\"><img loading=\"lazy\" decoding=\"async\" width=\"404\" height=\"323\" src=\"https:\/\/lzo-regionalstiftung.com\/wp-content\/uploads\/2024\/05\/moewen.jpg\" alt=\"\" class=\"wp-image-196\" srcset=\"https:\/\/lzo-regionalstiftung.com\/wp-content\/uploads\/2024\/05\/moewen.jpg 404w, https:\/\/lzo-regionalstiftung.com\/wp-content\/uploads\/2024\/05\/moewen-300x240.jpg 300w\" sizes=\"auto, (max-width: 404px) 100vw, 404px\" \/><\/figure>\n<\/div>\n<\/div>\n\n\n\n<p>Irgendwann standen die Mitglieder des Mellumrats jedoch vor der Frage, wie man diese umfangreiche Aufgabe auch zuk\u00fcnftig mit Kontinuit\u00e4t bew\u00e4ltigen kann \u2013 unabh\u00e4ngig von Zeitgeist und Krisensituationen. Aus diesem Gedanken heraus entschloss man sich, Anfang 2008 unter dem Dach der Regionalen Stiftung der LzO den Stiftungsfonds&nbsp;<strong>\u201eZukunft Naturschutz \u2013 Stiftungsfonds f\u00fcr den Mellumrat e. V.\u201c<\/strong>&nbsp;zu errichten. Dieser soll die vielschichtigen Arbeiten zum Erhalt der Natur und des Artenschutzes im nordwestdeutschen K\u00fcstenraum sichern. Zudem erm\u00f6glicht er auch Freir\u00e4ume f\u00fcr zus\u00e4tzliche Projekte, wie zum Beispiel das Strandm\u00fcll-Monitoring oder die St\u00e4rkung des Umweltbewusstseins.<\/p>\n\n\n\n<p>Freunde und Unterst\u00fctzer des Vereins k\u00f6nnen diesen Stiftungsfonds f\u00fcr den Mellumrat in Form von Spenden oder Zustiftungen weiter st\u00e4rken.<\/p>\n\n\n\n<h3 class=\"wp-block-heading\">Was unsere Stifter sonst noch bewegt<\/h3>\n\n\n\n<p>Der Schutz unserer Umwelt ist aber nur eines von vielen Themen, f\u00fcr das sich unsere Stifter engagieren. Daneben existieren zahlreiche weitere Stiftungsfonds mit unterschiedlichsten sozialen, kulturellen, sportlichen oder wissenschaftlichen Schwerpunkten.<br><br>Einer davon unterst\u00fctzt beispielsweise den&nbsp;<strong>Verein f\u00fcr sozialp\u00e4dagogische und lerntherapeutische Hilfen in Vechta.<\/strong>&nbsp;Diese Einrichtung k\u00fcmmert sich im Rahmen ihrer Kinder- und Jugendhilfe unter anderem um die ambulante Betreuung vor allem sozial schwacher Familien.<br><br>Andere Stifter tragen mit ihrem Engagement dazu bei, die vielschichtige Arbeit von&nbsp;<strong>Hospiz- sowie Palliativeinrichtungen<\/strong>&nbsp;in unserem Gesch\u00e4ftsgebiet dauerhaft zu sichern, um schwerstkranken Menschen ein Refugium der Geborgenheit mit optimaler gesundheitlicher Versorgung zu erm\u00f6glichen.<br><br>Die Initiatoren des Stiftungsfonds f\u00fcr den&nbsp;<strong>Oldenburger Turnerbund<\/strong>&nbsp;motivierte, das umfangreiche Sportangebot des 1859 in der Stadt Oldenburg gegr\u00fcndeten Vereins zu f\u00f6rdern.<br><br>Um den wissenschaftlichen Nachwuchs geht es dem Stifter des&nbsp;<strong>\u201eStiftungsfonds \u2013 Forschung und Lehre\u201c<\/strong>, der den Verein der Universit\u00e4tsgesellschaft Oldenburg unterst\u00fctzt. Diese Gesellschaft setzt sich unter anderem f\u00fcr die Anschaffung moderner Unterrichtsmittel ein und unterst\u00fctzt Forschungsprojekte. Dar\u00fcber hinaus hilft sie bei der Anschubfinanzierung von Professuren und vergibt Stipendien sowie Wissenschaftspreise.<\/p>\n<\/div>\n<\/div>\n","protected":false},"excerpt":{"rendered":"<p>BEISPIELE AUS DER PRAXIS Mit der Gr\u00fcndung der Regionalen Stiftung im Jahr 2006 hat die LzO eine Basis geschaffen, die es Menschen erm\u00f6glicht, stifterisch Gutes zu tun und damit nachhaltige und ganz pers\u00f6nliche Akzente vor Ort zu setzen. Gesicherte Zukunft f\u00fcr den Naturschutz 1925 gr\u00fcndete sich die Naturschutz- und Forschungsgemeinschaft Mellumrat e. V. Der Verein [&hellip;]<\/p>\n","protected":false},"author":1,"featured_media":0,"parent":0,"menu_order":0,"comment_status":"closed","ping_status":"closed","template":"","meta":{"footnotes":""},"class_list":["post-195","page","type-page","status-publish","hentry"],"yoast_head":"<!-- This site is optimized with the Yoast SEO plugin v27.4 - https:\/\/yoast.com\/product\/yoast-seo-wordpress\/ -->\n<title>Beispiele - Regionale Stiftung der Landessparkasse zu Oldenburg<\/title>\n<meta name=\"robots\" content=\"index, follow, max-snippet:-1, max-image-preview:large, max-video-preview:-1\" \/>\n<link rel=\"canonical\" href=\"https:\/\/lzo-regionalstiftung.com\/?page_id=195\" \/>\n<meta property=\"og:locale\" content=\"de_DE\" \/>\n<meta property=\"og:type\" content=\"article\" \/>\n<meta property=\"og:title\" content=\"Beispiele - Regionale Stiftung der Landessparkasse zu Oldenburg\" \/>\n<meta property=\"og:description\" content=\"BEISPIELE AUS DER PRAXIS Mit der Gr\u00fcndung der Regionalen Stiftung im Jahr 2006 hat die LzO eine Basis geschaffen, die es Menschen erm\u00f6glicht, stifterisch Gutes zu tun und damit nachhaltige und ganz pers\u00f6nliche Akzente vor Ort zu setzen. Gesicherte Zukunft f\u00fcr den Naturschutz 1925 gr\u00fcndete sich die Naturschutz- und Forschungsgemeinschaft Mellumrat e. V. Der Verein [&hellip;]\" \/>\n<meta property=\"og:url\" content=\"https:\/\/lzo-regionalstiftung.com\/?page_id=195\" \/>\n<meta property=\"og:site_name\" content=\"Regionale Stiftung der Landessparkasse zu Oldenburg\" \/>\n<meta property=\"article:modified_time\" content=\"2024-05-02T12:09:54+00:00\" \/>\n<meta property=\"og:image\" content=\"https:\/\/lzo-regionalstiftung.com\/wp-content\/uploads\/2024\/05\/moewen.jpg\" \/>\n<meta name=\"twitter:card\" content=\"summary_large_image\" \/>\n<meta name=\"twitter:label1\" content=\"Gesch\u00e4tzte Lesezeit\" \/>\n\t<meta name=\"twitter:data1\" content=\"5\u00a0Minuten\" \/>\n<script type=\"application\/ld+json\" class=\"yoast-schema-graph\">{\"@context\":\"https:\\\/\\\/schema.org\",\"@graph\":[{\"@type\":\"WebPage\",\"@id\":\"https:\\\/\\\/lzo-regionalstiftung.com\\\/?page_id=195\",\"url\":\"https:\\\/\\\/lzo-regionalstiftung.com\\\/?page_id=195\",\"name\":\"Beispiele - Regionale Stiftung der Landessparkasse zu Oldenburg\",\"isPartOf\":{\"@id\":\"https:\\\/\\\/lzo-regionalstiftung.com\\\/#website\"},\"primaryImageOfPage\":{\"@id\":\"https:\\\/\\\/lzo-regionalstiftung.com\\\/?page_id=195#primaryimage\"},\"image\":{\"@id\":\"https:\\\/\\\/lzo-regionalstiftung.com\\\/?page_id=195#primaryimage\"},\"thumbnailUrl\":\"https:\\\/\\\/lzo-regionalstiftung.com\\\/wp-content\\\/uploads\\\/2024\\\/05\\\/moewen.jpg\",\"datePublished\":\"2024-05-02T12:09:53+00:00\",\"dateModified\":\"2024-05-02T12:09:54+00:00\",\"breadcrumb\":{\"@id\":\"https:\\\/\\\/lzo-regionalstiftung.com\\\/?page_id=195#breadcrumb\"},\"inLanguage\":\"de\",\"potentialAction\":[{\"@type\":\"ReadAction\",\"target\":[\"https:\\\/\\\/lzo-regionalstiftung.com\\\/?page_id=195\"]}]},{\"@type\":\"ImageObject\",\"inLanguage\":\"de\",\"@id\":\"https:\\\/\\\/lzo-regionalstiftung.com\\\/?page_id=195#primaryimage\",\"url\":\"https:\\\/\\\/lzo-regionalstiftung.com\\\/wp-content\\\/uploads\\\/2024\\\/05\\\/moewen.jpg\",\"contentUrl\":\"https:\\\/\\\/lzo-regionalstiftung.com\\\/wp-content\\\/uploads\\\/2024\\\/05\\\/moewen.jpg\",\"width\":404,\"height\":323},{\"@type\":\"BreadcrumbList\",\"@id\":\"https:\\\/\\\/lzo-regionalstiftung.com\\\/?page_id=195#breadcrumb\",\"itemListElement\":[{\"@type\":\"ListItem\",\"position\":1,\"name\":\"Startseite\",\"item\":\"https:\\\/\\\/lzo-regionalstiftung.com\\\/\"},{\"@type\":\"ListItem\",\"position\":2,\"name\":\"Beispiele\"}]},{\"@type\":\"WebSite\",\"@id\":\"https:\\\/\\\/lzo-regionalstiftung.com\\\/#website\",\"url\":\"https:\\\/\\\/lzo-regionalstiftung.com\\\/\",\"name\":\"Regionale Stiftung der Landessparkasse zu Oldenburg\",\"description\":\"\",\"publisher\":{\"@id\":\"https:\\\/\\\/lzo-regionalstiftung.com\\\/#organization\"},\"potentialAction\":[{\"@type\":\"SearchAction\",\"target\":{\"@type\":\"EntryPoint\",\"urlTemplate\":\"https:\\\/\\\/lzo-regionalstiftung.com\\\/?s={search_term_string}\"},\"query-input\":{\"@type\":\"PropertyValueSpecification\",\"valueRequired\":true,\"valueName\":\"search_term_string\"}}],\"inLanguage\":\"de\"},{\"@type\":\"Organization\",\"@id\":\"https:\\\/\\\/lzo-regionalstiftung.com\\\/#organization\",\"name\":\"Regionale Stiftung der Landessparkasse zu Oldenburg\",\"url\":\"https:\\\/\\\/lzo-regionalstiftung.com\\\/\",\"logo\":{\"@type\":\"ImageObject\",\"inLanguage\":\"de\",\"@id\":\"https:\\\/\\\/lzo-regionalstiftung.com\\\/#\\\/schema\\\/logo\\\/image\\\/\",\"url\":\"https:\\\/\\\/lzo-regionalstiftung.com\\\/wp-content\\\/uploads\\\/2024\\\/04\\\/logo.gif\",\"contentUrl\":\"https:\\\/\\\/lzo-regionalstiftung.com\\\/wp-content\\\/uploads\\\/2024\\\/04\\\/logo.gif\",\"width\":210,\"height\":111,\"caption\":\"Regionale Stiftung der Landessparkasse zu Oldenburg\"},\"image\":{\"@id\":\"https:\\\/\\\/lzo-regionalstiftung.com\\\/#\\\/schema\\\/logo\\\/image\\\/\"}}]}<\/script>\n<!-- \/ Yoast SEO plugin. -->","yoast_head_json":{"title":"Beispiele - Regionale Stiftung der Landessparkasse zu Oldenburg","robots":{"index":"index","follow":"follow","max-snippet":"max-snippet:-1","max-image-preview":"max-image-preview:large","max-video-preview":"max-video-preview:-1"},"canonical":"https:\/\/lzo-regionalstiftung.com\/?page_id=195","og_locale":"de_DE","og_type":"article","og_title":"Beispiele - Regionale Stiftung der Landessparkasse zu Oldenburg","og_description":"BEISPIELE AUS DER PRAXIS Mit der Gr\u00fcndung der Regionalen Stiftung im Jahr 2006 hat die LzO eine Basis geschaffen, die es Menschen erm\u00f6glicht, stifterisch Gutes zu tun und damit nachhaltige und ganz pers\u00f6nliche Akzente vor Ort zu setzen. Gesicherte Zukunft f\u00fcr den Naturschutz 1925 gr\u00fcndete sich die Naturschutz- und Forschungsgemeinschaft Mellumrat e. V. Der Verein [&hellip;]","og_url":"https:\/\/lzo-regionalstiftung.com\/?page_id=195","og_site_name":"Regionale Stiftung der Landessparkasse zu Oldenburg","article_modified_time":"2024-05-02T12:09:54+00:00","og_image":[{"url":"https:\/\/lzo-regionalstiftung.com\/wp-content\/uploads\/2024\/05\/moewen.jpg","type":"","width":"","height":""}],"twitter_card":"summary_large_image","twitter_misc":{"Gesch\u00e4tzte Lesezeit":"5\u00a0Minuten"},"schema":{"@context":"https:\/\/schema.org","@graph":[{"@type":"WebPage","@id":"https:\/\/lzo-regionalstiftung.com\/?page_id=195","url":"https:\/\/lzo-regionalstiftung.com\/?page_id=195","name":"Beispiele - Regionale Stiftung der Landessparkasse zu Oldenburg","isPartOf":{"@id":"https:\/\/lzo-regionalstiftung.com\/#website"},"primaryImageOfPage":{"@id":"https:\/\/lzo-regionalstiftung.com\/?page_id=195#primaryimage"},"image":{"@id":"https:\/\/lzo-regionalstiftung.com\/?page_id=195#primaryimage"},"thumbnailUrl":"https:\/\/lzo-regionalstiftung.com\/wp-content\/uploads\/2024\/05\/moewen.jpg","datePublished":"2024-05-02T12:09:53+00:00","dateModified":"2024-05-02T12:09:54+00:00","breadcrumb":{"@id":"https:\/\/lzo-regionalstiftung.com\/?page_id=195#breadcrumb"},"inLanguage":"de","potentialAction":[{"@type":"ReadAction","target":["https:\/\/lzo-regionalstiftung.com\/?page_id=195"]}]},{"@type":"ImageObject","inLanguage":"de","@id":"https:\/\/lzo-regionalstiftung.com\/?page_id=195#primaryimage","url":"https:\/\/lzo-regionalstiftung.com\/wp-content\/uploads\/2024\/05\/moewen.jpg","contentUrl":"https:\/\/lzo-regionalstiftung.com\/wp-content\/uploads\/2024\/05\/moewen.jpg","width":404,"height":323},{"@type":"BreadcrumbList","@id":"https:\/\/lzo-regionalstiftung.com\/?page_id=195#breadcrumb","itemListElement":[{"@type":"ListItem","position":1,"name":"Startseite","item":"https:\/\/lzo-regionalstiftung.com\/"},{"@type":"ListItem","position":2,"name":"Beispiele"}]},{"@type":"WebSite","@id":"https:\/\/lzo-regionalstiftung.com\/#website","url":"https:\/\/lzo-regionalstiftung.com\/","name":"Regionale Stiftung der Landessparkasse zu Oldenburg","description":"","publisher":{"@id":"https:\/\/lzo-regionalstiftung.com\/#organization"},"potentialAction":[{"@type":"SearchAction","target":{"@type":"EntryPoint","urlTemplate":"https:\/\/lzo-regionalstiftung.com\/?s={search_term_string}"},"query-input":{"@type":"PropertyValueSpecification","valueRequired":true,"valueName":"search_term_string"}}],"inLanguage":"de"},{"@type":"Organization","@id":"https:\/\/lzo-regionalstiftung.com\/#organization","name":"Regionale Stiftung der Landessparkasse zu Oldenburg","url":"https:\/\/lzo-regionalstiftung.com\/","logo":{"@type":"ImageObject","inLanguage":"de","@id":"https:\/\/lzo-regionalstiftung.com\/#\/schema\/logo\/image\/","url":"https:\/\/lzo-regionalstiftung.com\/wp-content\/uploads\/2024\/04\/logo.gif","contentUrl":"https:\/\/lzo-regionalstiftung.com\/wp-content\/uploads\/2024\/04\/logo.gif","width":210,"height":111,"caption":"Regionale Stiftung der Landessparkasse zu Oldenburg"},"image":{"@id":"https:\/\/lzo-regionalstiftung.com\/#\/schema\/logo\/image\/"}}]}},"_links":{"self":[{"href":"https:\/\/lzo-regionalstiftung.com\/index.php?rest_route=\/wp\/v2\/pages\/195","targetHints":{"allow":["GET"]}}],"collection":[{"href":"https:\/\/lzo-regionalstiftung.com\/index.php?rest_route=\/wp\/v2\/pages"}],"about":[{"href":"https:\/\/lzo-regionalstiftung.com\/index.php?rest_route=\/wp\/v2\/types\/page"}],"author":[{"embeddable":true,"href":"https:\/\/lzo-regionalstiftung.com\/index.php?rest_route=\/wp\/v2\/users\/1"}],"replies":[{"embeddable":true,"href":"https:\/\/lzo-regionalstiftung.com\/index.php?rest_route=%2Fwp%2Fv2%2Fcomments&post=195"}],"version-history":[{"count":1,"href":"https:\/\/lzo-regionalstiftung.com\/index.php?rest_route=\/wp\/v2\/pages\/195\/revisions"}],"predecessor-version":[{"id":197,"href":"https:\/\/lzo-regionalstiftung.com\/index.php?rest_route=\/wp\/v2\/pages\/195\/revisions\/197"}],"wp:attachment":[{"href":"https:\/\/lzo-regionalstiftung.com\/index.php?rest_route=%2Fwp%2Fv2%2Fmedia&parent=195"}],"curies":[{"name":"wp","href":"https:\/\/api.w.org\/{rel}","templated":true}]}}