{"id":42,"date":"2024-04-30T06:18:33","date_gmt":"2024-04-30T06:18:33","guid":{"rendered":"https:\/\/lzo-regionalstiftung.com\/?page_id=42"},"modified":"2024-05-02T12:58:06","modified_gmt":"2024-05-02T12:58:06","slug":"startseite","status":"publish","type":"page","link":"https:\/\/lzo-regionalstiftung.com\/","title":{"rendered":"Startseite"},"content":{"rendered":"\n<div class=\"wp-block-columns is-layout-flex wp-container-core-columns-is-layout-28f84493 wp-block-columns-is-layout-flex\">\n<div class=\"wp-block-column is-layout-flow wp-block-column-is-layout-flow\" style=\"flex-basis:25%\">\n<p><\/p>\n<\/div>\n\n\n\n<div class=\"wp-block-column is-layout-flow wp-block-column-is-layout-flow\" style=\"flex-basis:75%\">\n<h1 class=\"wp-block-heading has-text-align-left\">GUTES TUN F\u00dcHLT SICH GUT AN<\/h1>\n<\/div>\n<\/div>\n\n\n\n<div class=\"wp-block-columns is-layout-flex wp-container-core-columns-is-layout-28f84493 wp-block-columns-is-layout-flex\">\n<div class=\"wp-block-column is-layout-flow wp-block-column-is-layout-flow\" style=\"flex-basis:25%\">\n<p>Die einen tun es aus Dankbarkeit f\u00fcr alles Gute in ihrem Leben. Andere, damit sie ihrem Verm\u00f6gen einen neuen Sinn geben. Die Gr\u00fcnde f\u00fcr eine Stiftung oder eine Spende sind sehr individuell. Aber eines ist allen gemeinsam: Es f\u00fchlt sich sehr gut an, sich zu engagieren!\u00a0<\/p>\n\n\n\n<p class=\"arrowLink\"><a href=\"https:\/\/lzo-regionalstiftung.com\/?page_id=195\"><strong>Beispiele<\/strong><\/a><\/p>\n<\/div>\n\n\n\n<div class=\"wp-block-column is-layout-flow wp-block-column-is-layout-flow\" style=\"flex-basis:75%\">\n<figure class=\"wp-block-image size-full is-resized\"><img loading=\"lazy\" decoding=\"async\" width=\"900\" height=\"384\" src=\"https:\/\/lzo-regionalstiftung.com\/wp-content\/uploads\/2024\/04\/img_home.jpg\" alt=\"\" class=\"wp-image-48\" style=\"width:857px;height:auto\" srcset=\"https:\/\/lzo-regionalstiftung.com\/wp-content\/uploads\/2024\/04\/img_home.jpg 900w, https:\/\/lzo-regionalstiftung.com\/wp-content\/uploads\/2024\/04\/img_home-300x128.jpg 300w, https:\/\/lzo-regionalstiftung.com\/wp-content\/uploads\/2024\/04\/img_home-768x328.jpg 768w\" sizes=\"auto, (max-width: 900px) 100vw, 900px\" \/><\/figure>\n<\/div>\n<\/div>\n\n\n\n<div class=\"wp-block-columns is-layout-flex wp-container-core-columns-is-layout-28f84493 wp-block-columns-is-layout-flex\">\n<div class=\"wp-block-column is-layout-flow wp-block-column-is-layout-flow\"><\/div>\n\n\n\n<div class=\"wp-block-column is-layout-flow wp-block-column-is-layout-flow\"><\/div>\n\n\n\n<div class=\"wp-block-column is-layout-flow wp-block-column-is-layout-flow\"><\/div>\n<\/div>\n\n\n\n<div class=\"wp-block-columns is-layout-flex wp-container-core-columns-is-layout-1146dd41 wp-block-columns-is-layout-flex\" style=\"padding-right:0;padding-left:0\">\n<div class=\"wp-block-column is-layout-flow wp-block-column-is-layout-flow\">\n<h2 class=\"wp-block-heading\">Ein Ziel \u2013 vier Wege<\/h2>\n\n\n\n<p>Je nach pers\u00f6nlichem Wunsch und vorhandenem Verm\u00f6gen bietet Ihnen die Regionale Stiftung der LzO eine passende M\u00f6glichkeit, sich zu engagieren.&nbsp;<\/p>\n<\/div>\n\n\n\n<div class=\"wp-block-column is-layout-flow wp-block-column-is-layout-flow\">\n<h2 class=\"wp-block-heading\">Sinn und Zweck<\/h2>\n\n\n\n<p>Jugendhilfe, Wissenschaft, Kultur, Tier- oder Naturschutz \u2013 diese und viele weitere M\u00f6glichkeiten stehen Ihnen zur Auswahl.&nbsp;<\/p>\n<\/div>\n\n\n\n<div class=\"wp-block-column is-layout-flow wp-block-column-is-layout-flow\">\n<h2 class=\"wp-block-heading\">Idee wird Wirklichkeit<\/h2>\n\n\n\n<p>Gemeinsam mit externen Spezialisten, wie Steuer- und Rechtsberatern, sind wir f\u00fcr Sie da und begleiten Sie von der Idee bis zur Realisierung und dauerhaften Verwaltung.<\/p>\n<\/div>\n\n\n\n<div class=\"wp-block-column is-layout-flow wp-block-column-is-layout-flow\">\n<h2 class=\"wp-block-heading\">Stiften und Steuern<\/h2>\n\n\n\n<p>Wer Gutes tut, wird vom Staat mit umfangreichen steuerlichen Verg\u00fcnstigungen belohnt. Wir geben Ihnen einen kurzen \u00dcberblick.&nbsp;<\/p>\n<\/div>\n<\/div>\n\n\n\n<div class=\"wp-block-columns is-layout-flex wp-container-core-columns-is-layout-658170e2 wp-block-columns-is-layout-flex\">\n<div class=\"wp-block-column is-layout-flow wp-block-column-is-layout-flow\">\n<p class=\"arrowLink\"><strong><a href=\"https:\/\/lzo-regionalstiftung.com\/?page_id=178\">mehr erfahren<\/a><\/strong><\/p>\n<\/div>\n\n\n\n<div class=\"wp-block-column is-layout-flow wp-block-column-is-layout-flow\">\n<div class=\"wp-block-group is-nowrap is-layout-flex wp-container-core-group-is-layout-6c531013 wp-block-group-is-layout-flex\">\n<p class=\"arrowLink\"><strong><a href=\"https:\/\/lzo-regionalstiftung.com\/?page_id=181\">mehr erfahren<\/a><\/strong><\/p>\n<\/div>\n<\/div>\n\n\n\n<div class=\"wp-block-column is-layout-flow wp-block-column-is-layout-flow\">\n<p class=\"arrowLink\"><strong><a href=\"https:\/\/lzo-regionalstiftung.com\/?page_id=183\">mehr erfahren<\/a><\/strong><\/p>\n<\/div>\n\n\n\n<div class=\"wp-block-column is-layout-flow wp-block-column-is-layout-flow\">\n<p class=\"arrowLink\"><strong><a href=\"https:\/\/lzo-regionalstiftung.com\/?page_id=185\">mehr erfahren<\/a><\/strong><\/p>\n<\/div>\n<\/div>\n","protected":false},"excerpt":{"rendered":"<p>GUTES TUN F\u00dcHLT SICH GUT AN Die einen tun es aus Dankbarkeit f\u00fcr alles Gute in ihrem Leben. Andere, damit sie ihrem Verm\u00f6gen einen neuen Sinn geben. Die Gr\u00fcnde f\u00fcr eine Stiftung oder eine Spende sind sehr individuell. Aber eines ist allen gemeinsam: Es f\u00fchlt sich sehr gut an, sich zu engagieren!\u00a0 Beispiele Ein Ziel [&hellip;]<\/p>\n","protected":false},"author":1,"featured_media":0,"parent":0,"menu_order":0,"comment_status":"closed","ping_status":"closed","template":"","meta":{"footnotes":""},"class_list":["post-42","page","type-page","status-publish","hentry"],"yoast_head":"<!-- This site is optimized with the Yoast SEO plugin v27.3 - https:\/\/yoast.com\/product\/yoast-seo-wordpress\/ -->\n<title>Startseite - Regionale Stiftung der Landessparkasse zu Oldenburg<\/title>\n<meta name=\"robots\" content=\"index, follow, max-snippet:-1, max-image-preview:large, max-video-preview:-1\" \/>\n<link rel=\"canonical\" href=\"https:\/\/lzo-regionalstiftung.com\/\" \/>\n<meta property=\"og:locale\" content=\"de_DE\" \/>\n<meta property=\"og:type\" content=\"article\" \/>\n<meta property=\"og:title\" content=\"Startseite - Regionale Stiftung der Landessparkasse zu Oldenburg\" \/>\n<meta property=\"og:description\" content=\"GUTES TUN F\u00dcHLT SICH GUT AN Die einen tun es aus Dankbarkeit f\u00fcr alles Gute in ihrem Leben. Andere, damit sie ihrem Verm\u00f6gen einen neuen Sinn geben. Die Gr\u00fcnde f\u00fcr eine Stiftung oder eine Spende sind sehr individuell. Aber eines ist allen gemeinsam: Es f\u00fchlt sich sehr gut an, sich zu engagieren!\u00a0 Beispiele Ein Ziel [&hellip;]\" \/>\n<meta property=\"og:url\" content=\"https:\/\/lzo-regionalstiftung.com\/\" \/>\n<meta property=\"og:site_name\" content=\"Regionale Stiftung der Landessparkasse zu Oldenburg\" \/>\n<meta property=\"article:modified_time\" content=\"2024-05-02T12:58:06+00:00\" \/>\n<meta property=\"og:image\" content=\"https:\/\/lzo-regionalstiftung.com\/wp-content\/uploads\/2024\/04\/img_home.jpg\" \/>\n<meta name=\"twitter:card\" content=\"summary_large_image\" \/>\n<meta name=\"twitter:label1\" content=\"Gesch\u00e4tzte Lesezeit\" \/>\n\t<meta name=\"twitter:data1\" content=\"2\u00a0Minuten\" \/>\n<script type=\"application\/ld+json\" class=\"yoast-schema-graph\">{\"@context\":\"https:\\\/\\\/schema.org\",\"@graph\":[{\"@type\":\"WebPage\",\"@id\":\"https:\\\/\\\/lzo-regionalstiftung.com\\\/\",\"url\":\"https:\\\/\\\/lzo-regionalstiftung.com\\\/\",\"name\":\"Startseite - Regionale Stiftung der Landessparkasse zu Oldenburg\",\"isPartOf\":{\"@id\":\"https:\\\/\\\/lzo-regionalstiftung.com\\\/#website\"},\"primaryImageOfPage\":{\"@id\":\"https:\\\/\\\/lzo-regionalstiftung.com\\\/#primaryimage\"},\"image\":{\"@id\":\"https:\\\/\\\/lzo-regionalstiftung.com\\\/#primaryimage\"},\"thumbnailUrl\":\"https:\\\/\\\/lzo-regionalstiftung.com\\\/wp-content\\\/uploads\\\/2024\\\/04\\\/img_home.jpg\",\"datePublished\":\"2024-04-30T06:18:33+00:00\",\"dateModified\":\"2024-05-02T12:58:06+00:00\",\"breadcrumb\":{\"@id\":\"https:\\\/\\\/lzo-regionalstiftung.com\\\/#breadcrumb\"},\"inLanguage\":\"de\",\"potentialAction\":[{\"@type\":\"ReadAction\",\"target\":[\"https:\\\/\\\/lzo-regionalstiftung.com\\\/\"]}]},{\"@type\":\"ImageObject\",\"inLanguage\":\"de\",\"@id\":\"https:\\\/\\\/lzo-regionalstiftung.com\\\/#primaryimage\",\"url\":\"https:\\\/\\\/lzo-regionalstiftung.com\\\/wp-content\\\/uploads\\\/2024\\\/04\\\/img_home.jpg\",\"contentUrl\":\"https:\\\/\\\/lzo-regionalstiftung.com\\\/wp-content\\\/uploads\\\/2024\\\/04\\\/img_home.jpg\",\"width\":900,\"height\":384},{\"@type\":\"BreadcrumbList\",\"@id\":\"https:\\\/\\\/lzo-regionalstiftung.com\\\/#breadcrumb\",\"itemListElement\":[{\"@type\":\"ListItem\",\"position\":1,\"name\":\"Startseite\",\"item\":\"https:\\\/\\\/lzo-regionalstiftung.com\\\/\"},{\"@type\":\"ListItem\",\"position\":2,\"name\":\"Startseite\"}]},{\"@type\":\"WebSite\",\"@id\":\"https:\\\/\\\/lzo-regionalstiftung.com\\\/#website\",\"url\":\"https:\\\/\\\/lzo-regionalstiftung.com\\\/\",\"name\":\"Regionale Stiftung der Landessparkasse zu Oldenburg\",\"description\":\"\",\"publisher\":{\"@id\":\"https:\\\/\\\/lzo-regionalstiftung.com\\\/#organization\"},\"potentialAction\":[{\"@type\":\"SearchAction\",\"target\":{\"@type\":\"EntryPoint\",\"urlTemplate\":\"https:\\\/\\\/lzo-regionalstiftung.com\\\/?s={search_term_string}\"},\"query-input\":{\"@type\":\"PropertyValueSpecification\",\"valueRequired\":true,\"valueName\":\"search_term_string\"}}],\"inLanguage\":\"de\"},{\"@type\":\"Organization\",\"@id\":\"https:\\\/\\\/lzo-regionalstiftung.com\\\/#organization\",\"name\":\"Regionale Stiftung der Landessparkasse zu Oldenburg\",\"url\":\"https:\\\/\\\/lzo-regionalstiftung.com\\\/\",\"logo\":{\"@type\":\"ImageObject\",\"inLanguage\":\"de\",\"@id\":\"https:\\\/\\\/lzo-regionalstiftung.com\\\/#\\\/schema\\\/logo\\\/image\\\/\",\"url\":\"https:\\\/\\\/lzo-regionalstiftung.com\\\/wp-content\\\/uploads\\\/2024\\\/04\\\/logo.gif\",\"contentUrl\":\"https:\\\/\\\/lzo-regionalstiftung.com\\\/wp-content\\\/uploads\\\/2024\\\/04\\\/logo.gif\",\"width\":210,\"height\":111,\"caption\":\"Regionale Stiftung der Landessparkasse zu Oldenburg\"},\"image\":{\"@id\":\"https:\\\/\\\/lzo-regionalstiftung.com\\\/#\\\/schema\\\/logo\\\/image\\\/\"}}]}<\/script>\n<!-- \/ Yoast SEO plugin. -->","yoast_head_json":{"title":"Startseite - Regionale Stiftung der Landessparkasse zu Oldenburg","robots":{"index":"index","follow":"follow","max-snippet":"max-snippet:-1","max-image-preview":"max-image-preview:large","max-video-preview":"max-video-preview:-1"},"canonical":"https:\/\/lzo-regionalstiftung.com\/","og_locale":"de_DE","og_type":"article","og_title":"Startseite - Regionale Stiftung der Landessparkasse zu Oldenburg","og_description":"GUTES TUN F\u00dcHLT SICH GUT AN Die einen tun es aus Dankbarkeit f\u00fcr alles Gute in ihrem Leben. Andere, damit sie ihrem Verm\u00f6gen einen neuen Sinn geben. Die Gr\u00fcnde f\u00fcr eine Stiftung oder eine Spende sind sehr individuell. Aber eines ist allen gemeinsam: Es f\u00fchlt sich sehr gut an, sich zu engagieren!\u00a0 Beispiele Ein Ziel [&hellip;]","og_url":"https:\/\/lzo-regionalstiftung.com\/","og_site_name":"Regionale Stiftung der Landessparkasse zu Oldenburg","article_modified_time":"2024-05-02T12:58:06+00:00","og_image":[{"url":"https:\/\/lzo-regionalstiftung.com\/wp-content\/uploads\/2024\/04\/img_home.jpg","type":"","width":"","height":""}],"twitter_card":"summary_large_image","twitter_misc":{"Gesch\u00e4tzte Lesezeit":"2\u00a0Minuten"},"schema":{"@context":"https:\/\/schema.org","@graph":[{"@type":"WebPage","@id":"https:\/\/lzo-regionalstiftung.com\/","url":"https:\/\/lzo-regionalstiftung.com\/","name":"Startseite - Regionale Stiftung der Landessparkasse zu Oldenburg","isPartOf":{"@id":"https:\/\/lzo-regionalstiftung.com\/#website"},"primaryImageOfPage":{"@id":"https:\/\/lzo-regionalstiftung.com\/#primaryimage"},"image":{"@id":"https:\/\/lzo-regionalstiftung.com\/#primaryimage"},"thumbnailUrl":"https:\/\/lzo-regionalstiftung.com\/wp-content\/uploads\/2024\/04\/img_home.jpg","datePublished":"2024-04-30T06:18:33+00:00","dateModified":"2024-05-02T12:58:06+00:00","breadcrumb":{"@id":"https:\/\/lzo-regionalstiftung.com\/#breadcrumb"},"inLanguage":"de","potentialAction":[{"@type":"ReadAction","target":["https:\/\/lzo-regionalstiftung.com\/"]}]},{"@type":"ImageObject","inLanguage":"de","@id":"https:\/\/lzo-regionalstiftung.com\/#primaryimage","url":"https:\/\/lzo-regionalstiftung.com\/wp-content\/uploads\/2024\/04\/img_home.jpg","contentUrl":"https:\/\/lzo-regionalstiftung.com\/wp-content\/uploads\/2024\/04\/img_home.jpg","width":900,"height":384},{"@type":"BreadcrumbList","@id":"https:\/\/lzo-regionalstiftung.com\/#breadcrumb","itemListElement":[{"@type":"ListItem","position":1,"name":"Startseite","item":"https:\/\/lzo-regionalstiftung.com\/"},{"@type":"ListItem","position":2,"name":"Startseite"}]},{"@type":"WebSite","@id":"https:\/\/lzo-regionalstiftung.com\/#website","url":"https:\/\/lzo-regionalstiftung.com\/","name":"Regionale Stiftung der Landessparkasse zu Oldenburg","description":"","publisher":{"@id":"https:\/\/lzo-regionalstiftung.com\/#organization"},"potentialAction":[{"@type":"SearchAction","target":{"@type":"EntryPoint","urlTemplate":"https:\/\/lzo-regionalstiftung.com\/?s={search_term_string}"},"query-input":{"@type":"PropertyValueSpecification","valueRequired":true,"valueName":"search_term_string"}}],"inLanguage":"de"},{"@type":"Organization","@id":"https:\/\/lzo-regionalstiftung.com\/#organization","name":"Regionale Stiftung der Landessparkasse zu Oldenburg","url":"https:\/\/lzo-regionalstiftung.com\/","logo":{"@type":"ImageObject","inLanguage":"de","@id":"https:\/\/lzo-regionalstiftung.com\/#\/schema\/logo\/image\/","url":"https:\/\/lzo-regionalstiftung.com\/wp-content\/uploads\/2024\/04\/logo.gif","contentUrl":"https:\/\/lzo-regionalstiftung.com\/wp-content\/uploads\/2024\/04\/logo.gif","width":210,"height":111,"caption":"Regionale Stiftung der Landessparkasse zu Oldenburg"},"image":{"@id":"https:\/\/lzo-regionalstiftung.com\/#\/schema\/logo\/image\/"}}]}},"_links":{"self":[{"href":"https:\/\/lzo-regionalstiftung.com\/index.php?rest_route=\/wp\/v2\/pages\/42","targetHints":{"allow":["GET"]}}],"collection":[{"href":"https:\/\/lzo-regionalstiftung.com\/index.php?rest_route=\/wp\/v2\/pages"}],"about":[{"href":"https:\/\/lzo-regionalstiftung.com\/index.php?rest_route=\/wp\/v2\/types\/page"}],"author":[{"embeddable":true,"href":"https:\/\/lzo-regionalstiftung.com\/index.php?rest_route=\/wp\/v2\/users\/1"}],"replies":[{"embeddable":true,"href":"https:\/\/lzo-regionalstiftung.com\/index.php?rest_route=%2Fwp%2Fv2%2Fcomments&post=42"}],"version-history":[{"count":9,"href":"https:\/\/lzo-regionalstiftung.com\/index.php?rest_route=\/wp\/v2\/pages\/42\/revisions"}],"predecessor-version":[{"id":221,"href":"https:\/\/lzo-regionalstiftung.com\/index.php?rest_route=\/wp\/v2\/pages\/42\/revisions\/221"}],"wp:attachment":[{"href":"https:\/\/lzo-regionalstiftung.com\/index.php?rest_route=%2Fwp%2Fv2%2Fmedia&parent=42"}],"curies":[{"name":"wp","href":"https:\/\/api.w.org\/{rel}","templated":true}]}}